{"id":14,"date":"2023-03-05T06:29:53","date_gmt":"2023-03-05T06:29:53","guid":{"rendered":"https:\/\/bestforbeauty.de\/hu\/?page_id=14"},"modified":"2023-04-24T07:12:33","modified_gmt":"2023-04-24T07:12:33","slug":"altalanos-uzleti-feltetelek","status":"publish","type":"page","link":"https:\/\/bestforbeauty.de\/hun\/altalanos-uzleti-feltetelek\/","title":{"rendered":"\u00c1ltal\u00e1nos \u00fczleti felt\u00e9telek"},"content":{"rendered":"<p><script id=\"barat_script\">var st = document.createElement(\"script\");st.src = \"\/\/admin.fogyasztobarat.hu\/e-api.js\";st.type = \"text\/javascript\";st.setAttribute(\"data-id\", \"UZ9X2ZOF\");st.setAttribute(\"id\", \"fbarat-embed\");st.setAttribute(\"data-type\", \"aszf\");var s = document.getElementById(\"barat_script\");s.parentNode.insertBefore(st, s);<\/script><\/p>","protected":false},"excerpt":{"rendered":"","protected":false},"author":1,"featured_media":0,"parent":0,"menu_order":0,"comment_status":"closed","ping_status":"closed","template":"","meta":{"rank_math_lock_modified_date":false,"footnotes":""},"class_list":["post-14","page","type-page","status-publish","hentry"],"_links":{"self":[{"href":"https:\/\/bestforbeauty.de\/hun\/wp-json\/wp\/v2\/pages\/14"}],"collection":[{"href":"https:\/\/bestforbeauty.de\/hun\/wp-json\/wp\/v2\/pages"}],"about":[{"href":"https:\/\/bestforbeauty.de\/hun\/wp-json\/wp\/v2\/types\/page"}],"author":[{"embeddable":true,"href":"https:\/\/bestforbeauty.de\/hun\/wp-json\/wp\/v2\/users\/1"}],"replies":[{"embeddable":true,"href":"https:\/\/bestforbeauty.de\/hun\/wp-json\/wp\/v2\/comments?post=14"}],"version-history":[{"count":1,"href":"https:\/\/bestforbeauty.de\/hun\/wp-json\/wp\/v2\/pages\/14\/revisions"}],"predecessor-version":[{"id":5696,"href":"https:\/\/bestforbeauty.de\/hun\/wp-json\/wp\/v2\/pages\/14\/revisions\/5696"}],"wp:attachment":[{"href":"https:\/\/bestforbeauty.de\/hun\/wp-json\/wp\/v2\/media?parent=14"}],"curies":[{"name":"wp","href":"https:\/\/api.w.org\/{rel}","templated":true}]}}