{"id":20,"date":"2023-03-05T06:34:12","date_gmt":"2023-03-05T06:34:12","guid":{"rendered":"https:\/\/bestforbeauty.de\/hu\/?page_id=20"},"modified":"2023-04-11T11:30:36","modified_gmt":"2023-04-11T11:30:36","slug":"gyik","status":"publish","type":"page","link":"https:\/\/bestforbeauty.de\/hun\/gyik\/","title":{"rendered":"GYIK"},"content":{"rendered":"<h2 class=\"wp-block-heading has-text-align-center\">Gyakran ism\u00e9telt k\u00e9rd\u00e9sek<\/h2><h3 class=\"wp-block-heading has-text-align-center\">Sz\u00e1ll\u00edt\u00e1ssal kapcsolatos inform\u00e1ci\u00f3k<\/h3><div class=\"wp-block-columns is-layout-flex wp-container-core-columns-is-layout-1 wp-block-columns-is-layout-flex\"><div class=\"wp-block-column is-layout-flow wp-block-column-is-layout-flow\"><h6 class=\"wp-block-heading\">Milyen sz\u00e1ll\u00edt\u00e1si m\u00f3d el\u00e9rhet\u0151 a bfb-n\u00e9l?<\/h6>\n\n<p class=\"has-color-1-color has-text-color\">N\u00e1lunk rendelt csomagj\u00e1t a GLS juttatja el \u00d6nh\u00f6z.<\/p><\/div>\n\n<div class=\"wp-block-column is-layout-flow wp-block-column-is-layout-flow\"><h6 class=\"wp-block-heading\"><a href=\"https:\/\/bestforbeauty.de\/hu\/faq\/\"><\/a>Magyarorsz\u00e1gon k\u00edv\u00fcli c\u00edmre t\u00f6rt\u00e9n\u0151 sz\u00e1ll\u00edt\u00e1s is lehets\u00e9ges?<\/h6>\n\n<p class=\"has-color-1-color has-text-color\">Igen, Eur\u00f3pa eg\u00e9sz ter\u00fclet\u00e9re sz\u00e1ll\u00edtunk.<\/p><\/div><\/div><div class=\"wp-block-columns is-layout-flex wp-container-core-columns-is-layout-2 wp-block-columns-is-layout-flex\"><div class=\"wp-block-column is-layout-flow wp-block-column-is-layout-flow\"><h6 class=\"wp-block-heading\">A rendel\u00e9st\u0151l sz\u00e1m\u00edtva mennyi id\u0151 m\u00falva kapom meg a csomagomat?<\/h6>\n\n<p class=\"has-color-1-color has-text-color\">Csomagj\u00e1t 3\u20134 munkanapon bel\u00fcl eljuttatjuk \u00d6nh\u00f6z.<\/p><\/div>\n\n<div class=\"wp-block-column is-layout-flow wp-block-column-is-layout-flow\"><h6 class=\"wp-block-heading\"><a href=\"https:\/\/bestforbeauty.de\/hu\/faq\/\"><\/a><a href=\"https:\/\/bestforbeauty.de\/hu\/faq\/\"><\/a>Mennyibe ker\u00fcl a nemzetk\u00f6zi sz\u00e1ll\u00edt\u00e1s?<\/h6>\n\n<p>A sz\u00e1ll\u00edt\u00e1si d\u00edjakat a k\u00f6vetkez\u0151k\u00e9ppen sz\u00e1m\u00edtjuk:<\/p>\n\n<p>->6,99 EUR az al\u00e1bbi orsz\u00e1gokba:<br>\u2022 N\u00e9metorsz\u00e1g, Magyarorsz\u00e1g, Ausztria, Cseh K\u00f6zt\u00e1rsas\u00e1g, Szlov\u00e1kia, Szlov\u00e9nia<\/p>\n\n<p>->9,99 EUR az al\u00e1bbi orsz\u00e1gokba:<br>\u2022 Belgium, D\u00e1nia, Hollandia, Lengyelorsz\u00e1g, Rom\u00e1nia<\/p>\n\n<p>\u00a0->14,99 EUR az al\u00e1bbi orsz\u00e1gokba:<br>\u2022 Spanyolorsz\u00e1g, Finnorsz\u00e1g, Franciaorsz\u00e1g, Egyes\u00fclt Kir\u00e1lys\u00e1g, G\u00f6r\u00f6gorsz\u00e1g, Olaszorsz\u00e1g, Luxemburg, Portug\u00e1lia<\/p><\/div><\/div><h3 class=\"wp-block-heading has-text-align-center\">Fizet\u00e9si m\u00f3dok<\/h3><div class=\"wp-block-columns is-layout-flex wp-container-core-columns-is-layout-3 wp-block-columns-is-layout-flex\"><div class=\"wp-block-column is-layout-flow wp-block-column-is-layout-flow\"><h6 class=\"wp-block-heading\">Milyen fizet\u00e9si m\u00f3dokkal lehets\u00e9ges a fizet\u00e9s az oldalon?<\/h6>\n\n<p class=\"has-color-1-color has-text-color\">PayPal, tranzakci\u00f3 a SOFORT rendszer\u00e9n kereszt\u00fcl, el\u0151re utal\u00e1s.<\/p><\/div>\n\n<div class=\"wp-block-column is-layout-flow wp-block-column-is-layout-flow\"><\/div><\/div><h3 class=\"wp-block-heading has-text-align-center\">Rendel\u00e9sek \u00e9s term\u00e9kvisszak\u00fcld\u00e9s<\/h3><div class=\"wp-block-columns is-layout-flex wp-container-core-columns-is-layout-4 wp-block-columns-is-layout-flex\"><div class=\"wp-block-column is-layout-flow wp-block-column-is-layout-flow\"><h6 class=\"wp-block-heading\"><a href=\"https:\/\/bestforbeauty.de\/hu\/faq\/\"><\/a>Sz\u00fcks\u00e9gem van felhaszn\u00e1l\u00f3i\u00a0 regisztr\u00e1ci\u00f3ra ahhoz, hogy rendelni tudjak?<\/h6>\n\n<p class=\"has-color-1-color has-text-color\">Nem, bejelentkez\u00e9s n\u00e9lk\u00fcl, vend\u00e9gk\u00e9nt is v\u00e1s\u00e1rolhat oldalunkon \u2013 a l\u00e9nyeg, hogy ne mag\u00e1nszem\u00e9lyk\u00e9nt v\u00e1s\u00e1roljon.<\/p><\/div>\n\n<div class=\"wp-block-column is-layout-flow wp-block-column-is-layout-flow\"><h6 class=\"wp-block-heading\"><a href=\"https:\/\/bestforbeauty.de\/hu\/faq\/\"><\/a>A rendel\u00e9s lead\u00e1sa ut\u00e1n tudok-e v\u00e1ltoztatni a rendel\u00e9sen\/vissza tudom-e vonni azt?<\/h6>\n\n<p class=\"has-color-1-color has-text-color\">A rendel\u00e9s meger\u0151s\u00edt\u00e9se ut\u00e1n erre nincs lehet\u0151s\u00e9g.<\/p><\/div><\/div><div class=\"wp-block-columns is-layout-flex wp-container-core-columns-is-layout-5 wp-block-columns-is-layout-flex\"><div class=\"wp-block-column is-layout-flow wp-block-column-is-layout-flow\"><h6 class=\"wp-block-heading\"><a href=\"https:\/\/bestforbeauty.de\/hu\/faq\/\"><\/a><a href=\"https:\/\/bestforbeauty.de\/hu\/faq\/\"><\/a>Hogyan k\u00fcldhetek vissza egy rendel\u00e9st?<\/h6>\n\n<p class=\"has-color-1-color has-text-color\">Term\u00e9keink nem tartoznak a visszavon\u00e1s hat\u00e1lya al\u00e1. Indokolt reklam\u00e1ci\u00f3 eset\u00e9n felvessz\u00fck a csomagot, \u00e9s azonnali cser\u00e9t kap. Ha ilyen eset mer\u00fclne fel, forduljon hozz\u00e1nk e-mailben.<\/p><\/div>\n\n<div class=\"wp-block-column is-layout-flow wp-block-column-is-layout-flow\"><h6 class=\"wp-block-heading\"><a href=\"https:\/\/bestforbeauty.de\/hu\/faq\/\"><\/a>Hogyan tudom nyomon k\u00f6vetni a csomagom?<\/h6>\n\n<p class=\"has-color-1-color has-text-color\">Amint k\u00e9zbes\u00edtett\u00fck a csomagj\u00e1t a GLS-nek, a rendel\u00e9st visszaigazol\u00f3 e-mailen fel\u00fcl kapni fog egy e-mailt, amely meger\u0151s\u00edti a megrendel\u00e9s be\u00e9rkez\u00e9s\u00e9t a sz\u00e1ll\u00edt\u00f3 rendszer\u00e9be.<\/p><\/div><\/div>","protected":false},"excerpt":{"rendered":"<p>Gyakran ism\u00e9telt k\u00e9rd\u00e9sek Sz\u00e1ll\u00edt\u00e1ssal kapcsolatos inform\u00e1ci\u00f3k Milyen sz\u00e1ll\u00edt\u00e1si m\u00f3d el\u00e9rhet\u0151 a bfb-n\u00e9l? N\u00e1lunk rendelt csomagj\u00e1t a GLS juttatja el \u00d6nh\u00f6z. Magyarorsz\u00e1gon k\u00edv\u00fcli c\u00edmre t\u00f6rt\u00e9n\u0151 sz\u00e1ll\u00edt\u00e1s is lehets\u00e9ges? Igen, Eur\u00f3pa eg\u00e9sz [&hellip;]<\/p>\n","protected":false},"author":1,"featured_media":0,"parent":0,"menu_order":0,"comment_status":"closed","ping_status":"closed","template":"","meta":{"rank_math_lock_modified_date":false,"footnotes":""},"class_list":["post-20","page","type-page","status-publish","hentry"],"_links":{"self":[{"href":"https:\/\/bestforbeauty.de\/hun\/wp-json\/wp\/v2\/pages\/20"}],"collection":[{"href":"https:\/\/bestforbeauty.de\/hun\/wp-json\/wp\/v2\/pages"}],"about":[{"href":"https:\/\/bestforbeauty.de\/hun\/wp-json\/wp\/v2\/types\/page"}],"author":[{"embeddable":true,"href":"https:\/\/bestforbeauty.de\/hun\/wp-json\/wp\/v2\/users\/1"}],"replies":[{"embeddable":true,"href":"https:\/\/bestforbeauty.de\/hun\/wp-json\/wp\/v2\/comments?post=20"}],"version-history":[{"count":1,"href":"https:\/\/bestforbeauty.de\/hun\/wp-json\/wp\/v2\/pages\/20\/revisions"}],"predecessor-version":[{"id":5610,"href":"https:\/\/bestforbeauty.de\/hun\/wp-json\/wp\/v2\/pages\/20\/revisions\/5610"}],"wp:attachment":[{"href":"https:\/\/bestforbeauty.de\/hun\/wp-json\/wp\/v2\/media?parent=20"}],"curies":[{"name":"wp","href":"https:\/\/api.w.org\/{rel}","templated":true}]}}