{"id":24,"date":"2023-03-05T06:36:51","date_gmt":"2023-03-05T06:36:51","guid":{"rendered":"https:\/\/bestforbeauty.de\/hu\/?page_id=24"},"modified":"2023-04-11T11:10:03","modified_gmt":"2023-04-11T11:10:03","slug":"impresszum","status":"publish","type":"page","link":"https:\/\/bestforbeauty.de\/hun\/impresszum\/","title":{"rendered":"Impresszum"},"content":{"rendered":"<h3 class=\"wp-block-heading\">A N\u00e9met Telem\u00e9dia T\u00f6rv\u00e9ny (Telemediengesetz, TMG) 5. paragrafusa alapj\u00e1n:<\/h3><h3 class=\"wp-block-heading\">Levelez\u00e9si c\u00edm:<\/h3><p>bfb GmbH<br>Hauptstrasse 33<br>74196 Neuenstadt am Kocher<\/p><h3 class=\"wp-block-heading\">Tov\u00e1bbi el\u00e9rhet\u0151s\u00e9gek:<\/h3><p>Telefon:&nbsp;0049 (0) 176 31 400 404<br>Fax: 0049 (0) 7139 931 69 03<br>E-Mail: <a href=\"mailto:info@bestforbeauty.de\/hu\">info@bestforbeauty.de\/hu<\/a><\/p><p>C\u00e9gvezet\u0151: Stefan Horvath<\/p><h3 class=\"wp-block-heading\">C\u00e9gjegyz\u00e9ket vezet\u0151 b\u00edr\u00f3s\u00e1g:<\/h3><p>Amtsgericht Stuttgart<\/p><h3 class=\"wp-block-heading\">C\u00e9gjegyz\u00e9ksz\u00e1m:<\/h3><p>109206\/AG Stg<\/p><h3 class=\"wp-block-heading\">Nemzetk\u00f6zi ad\u00f3sz\u00e1m:<\/h3><p>DE 250878158<\/p><h3 class=\"wp-block-heading\">A tartalom\u00e9rt felel\u0151s szem\u00e9ly (a r\u00e1di\u00f3r\u00f3l \u00e9s t\u00e1vk\u00f6zl\u00e9si m\u00e9di\u00e1kr\u00f3l sz\u00f3l\u00f3 n\u00e9met \u00e1llamszerz\u0151d\u00e9s (RStV) 2. r\u00e9sz 55. paragrafusa alapj\u00e1n):<\/h3><p>Alexandra Horvath<br>Hauptstra\u00dfe 33<br>74196 Neuenstadt am Kocher<\/p><p>Link az Eur\u00f3pai Bizotts\u00e1g online vit\u00e1k peren k\u00edv\u00fcli tiszt\u00e1z\u00e1s\u00e1ra szolg\u00e1l\u00f3 platformj\u00e1hoz (\u00fan. \u201eOS platform\u201d) az 524\/2013\/EU rendelettel \u00f6sszhangban: <a href=\"https:\/\/ec.europa.eu\/consumers\/odr\/\" target=\"_blank\" rel=\"noopener\">https:\/\/ec.europa.eu\/consumers\/odr\/<\/a> Nem vagyunk k\u00f6telesek \u00e9s nem is vagyunk hajland\u00f3ak r\u00e9szt venni ebben a v\u00e1lasztottb\u00edr\u00f3s\u00e1gi elj\u00e1r\u00e1sban.<\/p><h3 class=\"wp-block-heading\">Quellenangaben f\u00fcr verwendete Bilder &amp; Grafiken:<\/h3><h4 class=\"wp-block-heading\">Hivatkoz\u00e1sok a felhaszn\u00e1lt k\u00e9pekhez \u00e9s grafik\u00e1khoz:<\/h4><ul class=\"wp-block-list\"><li>Adobe Stock (kor\u00e1bban: Fotolia) k\u00e9pek\/grafik\u00e1k:<\/li><\/ul><h3 class=\"wp-block-heading\">Egyetemleges felel\u0151ss\u00e9g<\/h3><p>A TMG 7. \u00a7 (1) bekezd\u00e9se szerint saj\u00e1t tartalmaink\u00e9rt az \u00e1ltal\u00e1nos t\u00f6rv\u00e9nyek szerint felel\u00fcnk. Nem vagyunk k\u00f6telesek azonban figyelemmel k\u00eds\u00e9rni a tov\u00e1bb\u00edtott vagy t\u00e1rolt harmadik f\u00e9lt\u0151l sz\u00e1rmaz\u00f3 inform\u00e1ci\u00f3kat, vagy kivizsg\u00e1lni azokat a k\u00f6r\u00fclm\u00e9nyeket, amelyek illeg\u00e1lis tev\u00e9kenys\u00e9gre utalnak. Azok a vonatkoz\u00f3 k\u00f6telezetts\u00e9gek, amelyek az \u00e1ltal\u00e1nos t\u00f6rv\u00e9nyek szerint az inform\u00e1ci\u00f3k elt\u00e1vol\u00edt\u00e1s\u00e1hoz vagy felhaszn\u00e1l\u00e1s\u00e1nak korl\u00e1toz\u00e1s\u00e1hoz vezetnek, v\u00e1ltozatlanok maradnak.<\/p><p>Ennek megfelel\u0151en legkor\u00e1bban att\u00f3l a pillanatt\u00f3l van felel\u0151ss\u00e9g\u00fcnk, amikor tudom\u00e1sunkra jut az adott jogs\u00e9rt\u00e9s. A jogs\u00e9rt\u0151 tartalmat azonnal elt\u00e1vol\u00edtjuk, amint tudom\u00e1st szerz\u00fcnk r\u00f3la.<\/p><p>Szeretn\u00e9nk felh\u00edvni a figyelmet arra, hogy weboldalunk k\u00fcls\u0151, harmadik felek weboldalaira mutat\u00f3 hivatkoz\u00e1sokat is tartalmazhat, amelyek tartalm\u00e1ra nincs befoly\u00e1sunk. Ez\u00e9rt ezek\u00e9rt a k\u00fcls\u0151 tartalmak\u00e9rt nem v\u00e1llalunk garanci\u00e1t \u00e9s felel\u0151ss\u00e9get. A k\u00fcls\u0151 tartalmak\u00e9rt minden esetben az adott weboldal megfelel\u0151 \u00fczemeltet\u0151je felel\u0151s, hogy a hivatkoz\u00e1s k\u00f6zz\u00e9t\u00e9tele el\u0151tt a hivatkozott oldalakat ellen\u0151rizt\u00e9k, hogy nem tartalmaznak-e illeg\u00e1lis tartalmat. Az ilyen tartalmak nem voltak felismerhet\u0151k az \u00f6sszekapcsol\u00e1s idej\u00e9n. A k\u00fcls\u0151 weboldalak tartalm\u00e1nak folyamatos ellen\u0151rz\u00e9se nem lehets\u00e9ges \u00e9s \u00e9szszer\u0171tlen az esetleges jogs\u00e9rt\u00e9sre val\u00f3 hivatkoz\u00e1s n\u00e9lk\u00fcl.<\/p><p>Ezeket a k\u00fcls\u0151 hivatkoz\u00e1sokat azonnali hat\u00e1llyal elt\u00e1vol\u00edtjuk, amint tudom\u00e1st szerz\u00fcnk a jogs\u00e9rt\u00e9sr\u0151l.<\/p><p>Ezen oldalak minden tartalma szerz\u0151i jogv\u00e9delem alatt \u00e1ll. A harmadik felekt\u0151l sz\u00e1rmaz\u00f3 tartalmak \u00e9s hozz\u00e1j\u00e1rul\u00e1sok ennek megfelel\u0151en meg vannak jel\u00f6lve. A sokszoros\u00edt\u00e1shoz, szerkeszt\u00e9shez, terjeszt\u00e9shez \u00e9s minden, a szerz\u0151i jogon k\u00edv\u00fcli felhaszn\u00e1l\u00e1shoz az adott szerz\u0151 \u00edr\u00e1sos hozz\u00e1j\u00e1rul\u00e1sa sz\u00fcks\u00e9ges. Ezen oldalak m\u00e1sol\u00e1sa kiz\u00e1r\u00f3lag mag\u00e1nc\u00e9lra enged\u00e9lyezett.<\/p><p>Ezen oldalak \u00fczemeltet\u0151ik\u00e9nt mindig t\u00f6reksz\u00fcnk m\u00e1sok szerz\u0151i jogainak v\u00e9delm\u00e9re.<\/p><p>Ennek az impresszumnak az eredeti n\u00e9met verzi\u00f3j\u00e1t a <a href=\"http:\/\/www.gepruefter-webshop.de\" target=\"_blank\" rel=\"noopener\">www.gepruefter-webshop.de<\/a> hozta l\u00e9tre, \u00e9s a jogbiztons\u00e1g \u00e9rdek\u00e9ben rendszeresen ellen\u0151rzik. Figyelmeztet\u00e9s eset\u00e9n a Gepr\u00fcfter web\u00e1ruh\u00e1z teljes felel\u0151ss\u00e9get v\u00e1llal az elk\u00e9sz\u00fclt jogi sz\u00f6veg eredeti verzi\u00f3j\u00e1\u00e9rt.<\/p>","protected":false},"excerpt":{"rendered":"<p>A N\u00e9met Telem\u00e9dia T\u00f6rv\u00e9ny (Telemediengesetz, TMG) 5. paragrafusa alapj\u00e1n: Levelez\u00e9si c\u00edm: bfb GmbHHauptstrasse 3374196 Neuenstadt am Kocher Tov\u00e1bbi el\u00e9rhet\u0151s\u00e9gek: Telefon:&nbsp;0049 (0) 176 31 400 404Fax: 0049 (0) 7139 931 69 [&hellip;]<\/p>\n","protected":false},"author":1,"featured_media":0,"parent":0,"menu_order":0,"comment_status":"closed","ping_status":"closed","template":"","meta":{"rank_math_lock_modified_date":false,"footnotes":""},"class_list":["post-24","page","type-page","status-publish","hentry"],"_links":{"self":[{"href":"https:\/\/bestforbeauty.de\/hun\/wp-json\/wp\/v2\/pages\/24"}],"collection":[{"href":"https:\/\/bestforbeauty.de\/hun\/wp-json\/wp\/v2\/pages"}],"about":[{"href":"https:\/\/bestforbeauty.de\/hun\/wp-json\/wp\/v2\/types\/page"}],"author":[{"embeddable":true,"href":"https:\/\/bestforbeauty.de\/hun\/wp-json\/wp\/v2\/users\/1"}],"replies":[{"embeddable":true,"href":"https:\/\/bestforbeauty.de\/hun\/wp-json\/wp\/v2\/comments?post=24"}],"version-history":[{"count":1,"href":"https:\/\/bestforbeauty.de\/hun\/wp-json\/wp\/v2\/pages\/24\/revisions"}],"predecessor-version":[{"id":5604,"href":"https:\/\/bestforbeauty.de\/hun\/wp-json\/wp\/v2\/pages\/24\/revisions\/5604"}],"wp:attachment":[{"href":"https:\/\/bestforbeauty.de\/hun\/wp-json\/wp\/v2\/media?parent=24"}],"curies":[{"name":"wp","href":"https:\/\/api.w.org\/{rel}","templated":true}]}}