{"id":26,"date":"2023-03-05T06:38:01","date_gmt":"2023-03-05T06:38:01","guid":{"rendered":"https:\/\/bestforbeauty.de\/hu\/?page_id=26"},"modified":"2023-04-11T11:18:03","modified_gmt":"2023-04-11T11:18:03","slug":"karrier","status":"publish","type":"page","link":"https:\/\/bestforbeauty.de\/hun\/karrier\/","title":{"rendered":"Karrier \u00e9s \u00e1ll\u00e1slehet\u0151s\u00e9gek"},"content":{"rendered":"<h2 class=\"wp-block-heading has-text-align-center\" style=\"font-style:normal;font-weight:300\">Az \u00f6sszes bet\u00f6ltetlen\/szabad \u00e1ll\u00e1s:<\/h2><p class=\"has-text-align-center\">Beauty, medical, wellness, spa, sz\u00e1llodaipar<\/p><figure class=\"wp-block-table is-style-regular\"><table><tbody><tr><td><strong>\u00c1ll\u00e1saj\u00e1nlat:<\/strong><\/td><td><strong>A munkav\u00e9gz\u00e9s helye:<\/strong><\/td><td><strong>A foglalkoztat\u00e1s m\u00f3dja:<\/strong><\/td><td><strong>Kezd\u00e9s:<\/strong><\/td><td><strong>R\u00e9szletes le\u00edr\u00e1s:<\/strong><\/td><\/tr><tr><td><strong>E-kereskedelmi projektasszisztens<\/strong><\/td><td><strong>Home office\/szem\u00e9lyes tal\u00e1lkoz\u00f3 megbesz\u00e9l\u00e9s szerint<\/strong><\/td><td><strong>Teljes munkaid\u0151\/r\u00e9szmunkaid\u0151<\/strong><\/td><td><strong>2023. 01. 01-t\u0151l<\/strong><\/td><td><\/td><\/tr><\/tbody><\/table><\/figure><div class=\"wp-block-columns is-layout-flex wp-container-core-columns-is-layout-1 wp-block-columns-is-layout-flex\"><div class=\"wp-block-column is-layout-flow wp-block-column-is-layout-flow\" style=\"flex-basis:66.66%\"><h2 class=\"wp-block-heading\">Mivel foglalkozunk?<\/h2>\n\n<p class=\"has-large-font-size\">Mi a bfb GmbH-n\u00e1l a gy\u00f3gy\u00e1szati, sz\u00e9ps\u00e9gipari \u00e9s wellness term\u00e9kek nagykereskedelm\u00e9re szakosodtunk. Konkr\u00e9tabban a bfb univerz\u00e1lis text\u00edli\u00e1kat k\u00edn\u00e1l szalonok \u00e9s szakemberek sz\u00e1m\u00e1ra, k\u00fcl\u00f6nb\u00f6z\u0151 sz\u00ednekben.<\/p>\n\n<p class=\"has-large-font-size\">Term\u00e9keink k\u00f6z\u00f6tt megtal\u00e1lhat\u00f3k kozmetikai \u00e1gytakar\u00f3k, karfahuzatok, h\u00e1romr\u00e9szes \u00e1gytakar\u00f3 szettek, huzatok kezel\u0151\u00e1gyak fej- \u00e9s l\u00e1br\u00e9sz\u00e9hez, pedik\u0171rsz\u00e9k-huzatok, huzatok k\u00e9zt\u00e1maszt\u00f3 p\u00e1rn\u00e1khoz, \u00e1gyhuzatok massz\u00e1zs\u00e1gyakhoz, t\u00e9rdp\u00e1rnahuzatok, spa-\u00e1gyhuzatok, l\u00e1b- \u00e9s k\u00e9zmeleg\u00edt\u0151k, \u00fcl\u0151kehuzatok , fejp\u00e1ntok, t\u00f6r\u00fclk\u00f6z\u0151k, illetve tunik\u00e1k. F\u0151 profilunk a kezel\u0151\u00e1gyhuzatok \u00e9s t\u00f6r\u00fclk\u00f6z\u0151k \u00e9rt\u00e9kes\u00edt\u00e9se. Jelenlegi k\u00edn\u00e1latunk els\u0151sorban a B2B \u00fcgyfeleket c\u00e9lozza meg (sz\u00e9ps\u00e9gipar, sz\u00e1llod\u00e1k stb.).<\/p><\/div>\n\n<div class=\"wp-block-column is-layout-flow wp-block-column-is-layout-flow\" style=\"flex-basis:33.33%\"><figure class=\"wp-block-image size-full\"><img loading=\"lazy\" decoding=\"async\" width=\"620\" height=\"620\" src=\"https:\/\/bestforbeauty.de\/hun\/wp-content\/uploads\/sites\/6\/2023\/04\/retro_2.jpg\" alt=\"Bfb GmbH\" class=\"wp-image-5607\" srcset=\"https:\/\/bestforbeauty.de\/hun\/wp-content\/uploads\/sites\/6\/2023\/04\/retro_2.jpg 620w, https:\/\/bestforbeauty.de\/hun\/wp-content\/uploads\/sites\/6\/2023\/04\/retro_2-300x300.jpg 300w, https:\/\/bestforbeauty.de\/hun\/wp-content\/uploads\/sites\/6\/2023\/04\/retro_2-150x150.jpg 150w, https:\/\/bestforbeauty.de\/hun\/wp-content\/uploads\/sites\/6\/2023\/04\/retro_2-575x575.jpg 575w, https:\/\/bestforbeauty.de\/hun\/wp-content\/uploads\/sites\/6\/2023\/04\/retro_2-380x380.jpg 380w, https:\/\/bestforbeauty.de\/hun\/wp-content\/uploads\/sites\/6\/2023\/04\/retro_2-420x420.jpg 420w, https:\/\/bestforbeauty.de\/hun\/wp-content\/uploads\/sites\/6\/2023\/04\/retro_2-100x100.jpg 100w, https:\/\/bestforbeauty.de\/hun\/wp-content\/uploads\/sites\/6\/2023\/04\/retro_2-50x50.jpg 50w, https:\/\/bestforbeauty.de\/hun\/wp-content\/uploads\/sites\/6\/2023\/04\/retro_2-64x64.jpg 64w\" sizes=\"(max-width: 620px) 100vw, 620px\" \/><\/figure><\/div><\/div>","protected":false},"excerpt":{"rendered":"<p>Az \u00f6sszes bet\u00f6ltetlen\/szabad \u00e1ll\u00e1s: Beauty, medical, wellness, spa, sz\u00e1llodaipar \u00c1ll\u00e1saj\u00e1nlat: A munkav\u00e9gz\u00e9s helye: A foglalkoztat\u00e1s m\u00f3dja: Kezd\u00e9s: R\u00e9szletes le\u00edr\u00e1s: E-kereskedelmi projektasszisztens Home office\/szem\u00e9lyes tal\u00e1lkoz\u00f3 megbesz\u00e9l\u00e9s szerint Teljes munkaid\u0151\/r\u00e9szmunkaid\u0151 2023. 01. [&hellip;]<\/p>\n","protected":false},"author":1,"featured_media":0,"parent":0,"menu_order":0,"comment_status":"closed","ping_status":"closed","template":"","meta":{"rank_math_lock_modified_date":false,"footnotes":""},"class_list":["post-26","page","type-page","status-publish","hentry"],"_links":{"self":[{"href":"https:\/\/bestforbeauty.de\/hun\/wp-json\/wp\/v2\/pages\/26"}],"collection":[{"href":"https:\/\/bestforbeauty.de\/hun\/wp-json\/wp\/v2\/pages"}],"about":[{"href":"https:\/\/bestforbeauty.de\/hun\/wp-json\/wp\/v2\/types\/page"}],"author":[{"embeddable":true,"href":"https:\/\/bestforbeauty.de\/hun\/wp-json\/wp\/v2\/users\/1"}],"replies":[{"embeddable":true,"href":"https:\/\/bestforbeauty.de\/hun\/wp-json\/wp\/v2\/comments?post=26"}],"version-history":[{"count":1,"href":"https:\/\/bestforbeauty.de\/hun\/wp-json\/wp\/v2\/pages\/26\/revisions"}],"predecessor-version":[{"id":5608,"href":"https:\/\/bestforbeauty.de\/hun\/wp-json\/wp\/v2\/pages\/26\/revisions\/5608"}],"wp:attachment":[{"href":"https:\/\/bestforbeauty.de\/hun\/wp-json\/wp\/v2\/media?parent=26"}],"curies":[{"name":"wp","href":"https:\/\/api.w.org\/{rel}","templated":true}]}}