{"id":32,"date":"2023-03-05T06:42:54","date_gmt":"2023-03-05T06:42:54","guid":{"rendered":"https:\/\/bestforbeauty.de\/hu\/?page_id=32"},"modified":"2023-04-11T10:52:31","modified_gmt":"2023-04-11T10:52:31","slug":"reklamacio","status":"publish","type":"page","link":"https:\/\/bestforbeauty.de\/hun\/reklamacio\/","title":{"rendered":"Term\u00e9kvisszav\u00e1lt\u00e1s \u00e9s \u00fcgyf\u00e9lpanaszok kezel\u00e9se"},"content":{"rendered":"<h2 class=\"wp-block-heading\">Term\u00e9kvisszav\u00e1lt\u00e1s \u00e9s \u00fcgyf\u00e9lszolg\u00e1lat<\/h2><p>1. Figyelem: a <strong>bfb oldal kiz\u00e1r\u00f3lag b2b oldal<\/strong>,<strong> \u00edgy csak \u00fczleti \u00fcgyfeleket l\u00e1t el<\/strong>. A v\u00e1s\u00e1rl\u00e1st k\u00f6vet\u0151en b\u00e1rmilyen kifog\u00e1s alapj\u00e1n t\u00f6rt\u00e9n\u0151 term\u00e9kvisszav\u00e1lt\u00e1s nem lehets\u00e9ges. Visszak\u00fcld\u00f6tt term\u00e9ket nem fogadunk be.<\/p><p>2. Reklam\u00e1ci\u00f3\/garancia: m\u00e9g ha a <strong>bfb oldal kiz\u00e1r\u00f3lag b2b \u00fcgyfeleknek \u00e9rt\u00e9kes\u00edt<\/strong>, akkor is mi vagyunk a felel\u0151sek term\u00e9keink min\u0151s\u00e9g\u00e9\u00e9rt. \u00c9ppen ez\u00e9rt indokolt reklam\u00e1ci\u00f3 eset\u00e9n felvessz\u00fck a csomagot, \u00e9s a v\u00e1s\u00e1rl\u00f3 azonnali cser\u00e9t kap. Ilyen esetekben, k\u00e9rj\u00fck, forduljon hozz\u00e1nk <strong>kapcsolatfelv\u00e9teli \u0171rlapunkon kereszt\u00fcl vagy k\u00f6zvetlen\u00fcl e-mailben<\/strong>.<\/p><div class=\"wp-block-buttons is-layout-flex wp-block-buttons-is-layout-flex\"><div class=\"wp-block-button\"><a class=\"wp-block-button__link wp-element-button\" href=\"https:\/\/bestforbeauty.de\/hun\/kapcsolat\/\">L\u00e9pjen vel\u00fcnk kapcsolatba!<\/a><\/div><\/div>","protected":false},"excerpt":{"rendered":"<p>Term\u00e9kvisszav\u00e1lt\u00e1s \u00e9s \u00fcgyf\u00e9lszolg\u00e1lat 1. Figyelem: a bfb oldal kiz\u00e1r\u00f3lag b2b oldal, \u00edgy csak \u00fczleti \u00fcgyfeleket l\u00e1t el. A v\u00e1s\u00e1rl\u00e1st k\u00f6vet\u0151en b\u00e1rmilyen kifog\u00e1s alapj\u00e1n t\u00f6rt\u00e9n\u0151 term\u00e9kvisszav\u00e1lt\u00e1s nem lehets\u00e9ges. Visszak\u00fcld\u00f6tt term\u00e9ket nem [&hellip;]<\/p>\n","protected":false},"author":1,"featured_media":0,"parent":0,"menu_order":0,"comment_status":"closed","ping_status":"closed","template":"","meta":{"rank_math_lock_modified_date":false,"footnotes":""},"class_list":["post-32","page","type-page","status-publish","hentry"],"_links":{"self":[{"href":"https:\/\/bestforbeauty.de\/hun\/wp-json\/wp\/v2\/pages\/32"}],"collection":[{"href":"https:\/\/bestforbeauty.de\/hun\/wp-json\/wp\/v2\/pages"}],"about":[{"href":"https:\/\/bestforbeauty.de\/hun\/wp-json\/wp\/v2\/types\/page"}],"author":[{"embeddable":true,"href":"https:\/\/bestforbeauty.de\/hun\/wp-json\/wp\/v2\/users\/1"}],"replies":[{"embeddable":true,"href":"https:\/\/bestforbeauty.de\/hun\/wp-json\/wp\/v2\/comments?post=32"}],"version-history":[{"count":1,"href":"https:\/\/bestforbeauty.de\/hun\/wp-json\/wp\/v2\/pages\/32\/revisions"}],"predecessor-version":[{"id":5600,"href":"https:\/\/bestforbeauty.de\/hun\/wp-json\/wp\/v2\/pages\/32\/revisions\/5600"}],"wp:attachment":[{"href":"https:\/\/bestforbeauty.de\/hun\/wp-json\/wp\/v2\/media?parent=32"}],"curies":[{"name":"wp","href":"https:\/\/api.w.org\/{rel}","templated":true}]}}