{"id":34,"date":"2023-03-05T06:45:07","date_gmt":"2023-03-05T06:45:07","guid":{"rendered":"https:\/\/bestforbeauty.de\/hu\/?page_id=34"},"modified":"2023-04-20T15:33:31","modified_gmt":"2023-04-20T15:33:31","slug":"rolunk","status":"publish","type":"page","link":"https:\/\/bestforbeauty.de\/hun\/rolunk\/","title":{"rendered":"R\u00f3lunk"},"content":{"rendered":"<p class=\"has-text-align-center has-color-0-color has-text-color has-huge-font-size\">A sz\u00e9ps\u00e9gipari text\u00edli\u00e1k szakk\u00e9pzett keresked\u0151je<\/p><p class=\"has-text-align-center has-color-1-color has-text-color\">A spa, wellness, medical \u00e9s beauty szak\u00e9rt\u0151je<\/p><figure class=\"wp-block-image alignwide size-large rolunkkep\"><img loading=\"lazy\" decoding=\"async\" width=\"1024\" height=\"446\" src=\"https:\/\/bestforbeauty.de\/hun\/wp-content\/uploads\/sites\/6\/2023\/04\/banner-1-1024x446.jpg\" alt=\"\" class=\"wp-image-5675\" srcset=\"https:\/\/bestforbeauty.de\/hun\/wp-content\/uploads\/sites\/6\/2023\/04\/banner-1-1024x446.jpg 1024w, https:\/\/bestforbeauty.de\/hun\/wp-content\/uploads\/sites\/6\/2023\/04\/banner-1-300x131.jpg 300w, https:\/\/bestforbeauty.de\/hun\/wp-content\/uploads\/sites\/6\/2023\/04\/banner-1-768x334.jpg 768w, https:\/\/bestforbeauty.de\/hun\/wp-content\/uploads\/sites\/6\/2023\/04\/banner-1-1140x496.jpg 1140w, https:\/\/bestforbeauty.de\/hun\/wp-content\/uploads\/sites\/6\/2023\/04\/banner-1-920x401.jpg 920w, https:\/\/bestforbeauty.de\/hun\/wp-content\/uploads\/sites\/6\/2023\/04\/banner-1-575x250.jpg 575w, https:\/\/bestforbeauty.de\/hun\/wp-content\/uploads\/sites\/6\/2023\/04\/banner-1-380x165.jpg 380w, https:\/\/bestforbeauty.de\/hun\/wp-content\/uploads\/sites\/6\/2023\/04\/banner-1-800x348.jpg 800w, https:\/\/bestforbeauty.de\/hun\/wp-content\/uploads\/sites\/6\/2023\/04\/banner-1-64x28.jpg 64w, https:\/\/bestforbeauty.de\/hun\/wp-content\/uploads\/sites\/6\/2023\/04\/banner-1.jpg 1240w\" sizes=\"(max-width: 1024px) 100vw, 1024px\" \/><\/figure><div style=\"height:74px\" aria-hidden=\"true\" class=\"wp-block-spacer\"><\/div><div class=\"wp-block-columns alignwide is-layout-flex wp-container-core-columns-is-layout-1 wp-block-columns-is-layout-flex\"><div class=\"wp-block-column has-text-color has-large-font-size is-layout-flow wp-block-column-is-layout-flow\" style=\"color:#3ca3ed\"><h2 class=\"wp-block-heading\">Aj\u00e1nlatunk\u2026<\/h2>\n\n<h5 class=\"wp-block-heading\">Tan\u00e1csad\u00e1s<\/h5>\n\n<p class=\"has-color-0-color has-text-color\">Telefonon fel\u00e1r ellen\u00e9ben.<\/p>\n\n<p><a href=\"https:\/\/bestforbeauty.de\/hun\/kapcsolat\/\" data-type=\"page\" data-id=\"28\">E-mailben is sz\u00edvesen adunk tan\u00e1csot, ha e-mailben vagy a kapcsolatfelv\u00e9teli \u0171rlapon kereszt\u00fcl felveszi vel\u00fcnk a kapcsolatot.<\/a><\/p><\/div>\n\n<div class=\"wp-block-column has-color-6-background-color has-background is-layout-flow wp-block-column-is-layout-flow\"><div class=\"wp-block-image rolunkkep\"><figure class=\"aligncenter size-full\"><img loading=\"lazy\" decoding=\"async\" width=\"400\" height=\"280\" src=\"https:\/\/bestforbeauty.de\/hun\/wp-content\/uploads\/sites\/6\/2023\/04\/banner-2-400x280-1.jpg\" alt=\"\" class=\"wp-image-5677\" srcset=\"https:\/\/bestforbeauty.de\/hun\/wp-content\/uploads\/sites\/6\/2023\/04\/banner-2-400x280-1.jpg 400w, https:\/\/bestforbeauty.de\/hun\/wp-content\/uploads\/sites\/6\/2023\/04\/banner-2-400x280-1-300x210.jpg 300w, https:\/\/bestforbeauty.de\/hun\/wp-content\/uploads\/sites\/6\/2023\/04\/banner-2-400x280-1-380x266.jpg 380w, https:\/\/bestforbeauty.de\/hun\/wp-content\/uploads\/sites\/6\/2023\/04\/banner-2-400x280-1-64x45.jpg 64w\" sizes=\"(max-width: 400px) 100vw, 400px\" \/><\/figure><\/div><\/div><\/div><div style=\"height:100px\" aria-hidden=\"true\" class=\"wp-block-spacer\"><\/div><div class=\"wp-block-columns alignwide is-layout-flex wp-container-core-columns-is-layout-2 wp-block-columns-is-layout-flex\"><div class=\"wp-block-column is-layout-flow wp-block-column-is-layout-flow\"><h2 class=\"wp-block-heading\">Mivel foglalkozunk?<\/h2>\n\n<p>Mi a bfb GmbH-n\u00e1l a gy\u00f3gy\u00e1szati, sz\u00e9ps\u00e9gipari \u00e9s wellness term\u00e9kek nagykereskedelm\u00e9re szakosodtunk. Konkr\u00e9tabban a bfb univerz\u00e1lis text\u00edli\u00e1kat k\u00edn\u00e1l szalonok \u00e9s szakemberek sz\u00e1m\u00e1ra, k\u00fcl\u00f6nb\u00f6z\u0151 sz\u00ednekben.<\/p>\n\n<p class=\"has-large-font-size\">Term\u00e9keink k\u00f6z\u00f6tt megtal\u00e1lhat\u00f3k kozmetikai \u00e1gytakar\u00f3k, karfahuzatok, h\u00e1romr\u00e9szes \u00e1gytakar\u00f3 szettek, huzatok kezel\u0151\u00e1gyak fej- \u00e9s l\u00e1br\u00e9sz\u00e9hez, pedik\u0171rsz\u00e9k-huzatok, huzatok k\u00e9zt\u00e1maszt\u00f3 p\u00e1rn\u00e1khoz, \u00e1gyhuzatok massz\u00e1zs\u00e1gyakhoz, t\u00e9rdp\u00e1rnahuzatok, spa-\u00e1gyhuzatok, l\u00e1b- \u00e9s k\u00e9zmeleg\u00edt\u0151k, \u00fcl\u0151kehuzatok, fejp\u00e1ntok, t\u00f6r\u00fclk\u00f6z\u0151k, illetve tunik\u00e1k. F\u0151 profilunk a kezel\u0151\u00e1gyhuzatok \u00e9s t\u00f6r\u00fclk\u00f6z\u0151k \u00e9rt\u00e9kes\u00edt\u00e9se. Jelenlegi k\u00edn\u00e1latunk els\u0151sorban a B2B \u00fcgyfeleket c\u00e9lozza meg (sz\u00e9ps\u00e9gipar, sz\u00e1llod\u00e1k stb.).<\/p><\/div>\n\n<div class=\"wp-block-column is-layout-flow wp-block-column-is-layout-flow\"><div class=\"wp-block-image rolunkkep\"><figure class=\"aligncenter size-full is-resized\"><img loading=\"lazy\" decoding=\"async\" src=\"https:\/\/bestforbeauty.de\/hun\/wp-content\/uploads\/sites\/6\/2023\/04\/retro_2-1.jpg\" alt=\"\" class=\"wp-image-5678\" width=\"400\" height=\"400\" srcset=\"https:\/\/bestforbeauty.de\/hun\/wp-content\/uploads\/sites\/6\/2023\/04\/retro_2-1.jpg 620w, https:\/\/bestforbeauty.de\/hun\/wp-content\/uploads\/sites\/6\/2023\/04\/retro_2-1-300x300.jpg 300w, https:\/\/bestforbeauty.de\/hun\/wp-content\/uploads\/sites\/6\/2023\/04\/retro_2-1-150x150.jpg 150w, https:\/\/bestforbeauty.de\/hun\/wp-content\/uploads\/sites\/6\/2023\/04\/retro_2-1-575x575.jpg 575w, https:\/\/bestforbeauty.de\/hun\/wp-content\/uploads\/sites\/6\/2023\/04\/retro_2-1-380x380.jpg 380w, https:\/\/bestforbeauty.de\/hun\/wp-content\/uploads\/sites\/6\/2023\/04\/retro_2-1-420x420.jpg 420w, https:\/\/bestforbeauty.de\/hun\/wp-content\/uploads\/sites\/6\/2023\/04\/retro_2-1-100x100.jpg 100w, https:\/\/bestforbeauty.de\/hun\/wp-content\/uploads\/sites\/6\/2023\/04\/retro_2-1-50x50.jpg 50w, https:\/\/bestforbeauty.de\/hun\/wp-content\/uploads\/sites\/6\/2023\/04\/retro_2-1-64x64.jpg 64w\" sizes=\"(max-width: 400px) 100vw, 400px\" \/><figcaption class=\"wp-element-caption\">bfb GmbH: Munkaruh\u00e1zati k\u00edn\u00e1latunk<\/figcaption><\/figure><\/div><\/div><\/div><div class=\"wp-block-columns is-layout-flex wp-container-core-columns-is-layout-3 wp-block-columns-is-layout-flex\"><div class=\"wp-block-column is-layout-flow wp-block-column-is-layout-flow\" style=\"flex-basis:33.33%\"><\/div>\n\n<div class=\"wp-block-column is-layout-flow wp-block-column-is-layout-flow\" style=\"flex-basis:66.66%\"><h2 class=\"wp-block-heading\"><strong>\u00dczlet\u00fcnk<\/strong><\/h2>\n\n<p class=\"has-large-font-size\">Term\u00e9keink sz\u00e9les v\u00e1laszt\u00e9ka v\u00e1rja v\u00e1s\u00e1rl\u00f3inkat, hogy amikor v\u00e1s\u00e1rolni szeretn\u00e9nek, mindent megtal\u00e1ljanak n\u00e1lunk, ami a sz\u00e9ps\u00e9g\u00e1pol\u00e1si, gy\u00f3gy\u00e1szati \u00e9s wellness text\u00edli\u00e1khoz tartozik.<\/p>\n\n<p class=\"has-large-font-size\">Sz\u00e9les k\u00edn\u00e1latunknak k\u00f6sz\u00f6nhet\u0151en k\u00f6nnyen kiv\u00e1laszthatja a k\u00edv\u00e1nt term\u00e9ket, az \u00d6n \u00e1ltal keresett sz\u00ednben!<\/p>\n\n<p class=\"has-large-font-size\">Lehet\u0151s\u00e9get biztos\u00edtunk arra, hogy minden term\u00e9k\u00fcnket azonos sz\u00ednben v\u00e1s\u00e1rolhassa meg, \u00edgy t\u00f6k\u00e9letesen kieg\u00e9sz\u00edtheti szalonja enteri\u0151rj\u00e9t a megfelel\u0151 sz\u00ednek haszn\u00e1lat\u00e1val.<\/p>\n\n<p class=\"has-large-font-size\">Struktur\u00e1lt web\u00e1ruh\u00e1zunknak k\u00f6sz\u00f6nhet\u0151en k\u00f6nnyed\u00e9n kiv\u00e1laszthatja a megfelel\u0151 m\u00e9retet, \u00e9s aj\u00e1nljuk a hozz\u00e1ill\u0151 kieg\u00e9sz\u00edt\u0151ket.<\/p><\/div><\/div>","protected":false},"excerpt":{"rendered":"<p>A sz\u00e9ps\u00e9gipari text\u00edli\u00e1k szakk\u00e9pzett keresked\u0151je A spa, wellness, medical \u00e9s beauty szak\u00e9rt\u0151je Aj\u00e1nlatunk\u2026 Tan\u00e1csad\u00e1s Telefonon fel\u00e1r ellen\u00e9ben. E-mailben is sz\u00edvesen adunk tan\u00e1csot, ha e-mailben vagy a kapcsolatfelv\u00e9teli \u0171rlapon kereszt\u00fcl felveszi [&hellip;]<\/p>\n","protected":false},"author":1,"featured_media":0,"parent":0,"menu_order":0,"comment_status":"closed","ping_status":"closed","template":"","meta":{"rank_math_lock_modified_date":false,"footnotes":""},"class_list":["post-34","page","type-page","status-publish","hentry"],"_links":{"self":[{"href":"https:\/\/bestforbeauty.de\/hun\/wp-json\/wp\/v2\/pages\/34"}],"collection":[{"href":"https:\/\/bestforbeauty.de\/hun\/wp-json\/wp\/v2\/pages"}],"about":[{"href":"https:\/\/bestforbeauty.de\/hun\/wp-json\/wp\/v2\/types\/page"}],"author":[{"embeddable":true,"href":"https:\/\/bestforbeauty.de\/hun\/wp-json\/wp\/v2\/users\/1"}],"replies":[{"embeddable":true,"href":"https:\/\/bestforbeauty.de\/hun\/wp-json\/wp\/v2\/comments?post=34"}],"version-history":[{"count":1,"href":"https:\/\/bestforbeauty.de\/hun\/wp-json\/wp\/v2\/pages\/34\/revisions"}],"predecessor-version":[{"id":5680,"href":"https:\/\/bestforbeauty.de\/hun\/wp-json\/wp\/v2\/pages\/34\/revisions\/5680"}],"wp:attachment":[{"href":"https:\/\/bestforbeauty.de\/hun\/wp-json\/wp\/v2\/media?parent=34"}],"curies":[{"name":"wp","href":"https:\/\/api.w.org\/{rel}","templated":true}]}}