{"id":5509,"date":"2023-03-27T11:19:42","date_gmt":"2023-03-27T11:19:42","guid":{"rendered":"https:\/\/bestforbeauty.de\/hu\/?page_id=5509"},"modified":"2023-04-20T15:43:47","modified_gmt":"2023-04-20T15:43:47","slug":"szallitas","status":"publish","type":"page","link":"https:\/\/bestforbeauty.de\/hun\/szallitas\/","title":{"rendered":"H\u00e1zhozsz\u00e1ll\u00edt\u00e1s"},"content":{"rendered":"<p><\/p><p><strong>1. z\u00f3na:<\/strong> a h\u00e1zhozsz\u00e1ll\u00edt\u00e1s d\u00edja <strong>6,99 EUR<\/strong> az al\u00e1bbi orsz\u00e1gokban: N\u00e9metorsz\u00e1g, Magyarorsz\u00e1g, Ausztria, Cseh K\u00f6zt\u00e1rsas\u00e1g, Szlov\u00e1kia, Szlov\u00e9nia<\/p><p><strong>56 EUR feletti rendel\u00e9s eset\u00e9n a h\u00e1zhozsz\u00e1ll\u00edt\u00e1si d\u00edjat elengedj\u00fck!<\/strong><\/p><p>2. z\u00f3na: a h\u00e1zhozsz\u00e1ll\u00edt\u00e1s d\u00edja <strong>9,99 EUR <\/strong>az al\u00e1bbi orsz\u00e1gokban: Belgium, D\u00e1nia, Hollandia, Lengyelorsz\u00e1g, Rom\u00e1nia<\/p><p><strong>79 EUR feletti rendel\u00e9s eset\u00e9n a h\u00e1zhozsz\u00e1ll\u00edt\u00e1si d\u00edjat elengedj\u00fck!<\/strong><\/p><p><strong>3. z\u00f3na: <\/strong>a h\u00e1zhozsz\u00e1ll\u00edt\u00e1s d\u00edja <strong>14,99 EUR<\/strong> az al\u00e1bbi orsz\u00e1gokban: Spanyolorsz\u00e1g, Finnorsz\u00e1g, Franciaorsz\u00e1g, Egyes\u00fclt Kir\u00e1lys\u00e1g, G\u00f6r\u00f6gorsz\u00e1g, Olaszorsz\u00e1g, Luxemburg, Portug\u00e1lia<\/p><p><strong>99 EUR feletti rendel\u00e9s eset\u00e9n a h\u00e1zhozsz\u00e1ll\u00edt\u00e1si d\u00edjat elengedj\u00fck!<\/strong><\/p>","protected":false},"excerpt":{"rendered":"<p>1. z\u00f3na: a h\u00e1zhozsz\u00e1ll\u00edt\u00e1s d\u00edja 6,99 EUR az al\u00e1bbi orsz\u00e1gokban: N\u00e9metorsz\u00e1g, Magyarorsz\u00e1g, Ausztria, Cseh K\u00f6zt\u00e1rsas\u00e1g, Szlov\u00e1kia, Szlov\u00e9nia 56 EUR feletti rendel\u00e9s eset\u00e9n a h\u00e1zhozsz\u00e1ll\u00edt\u00e1si d\u00edjat elengedj\u00fck! 2. z\u00f3na: a h\u00e1zhozsz\u00e1ll\u00edt\u00e1s [&hellip;]<\/p>\n","protected":false},"author":1,"featured_media":0,"parent":0,"menu_order":0,"comment_status":"closed","ping_status":"closed","template":"","meta":{"rank_math_lock_modified_date":false,"footnotes":""},"class_list":["post-5509","page","type-page","status-publish","hentry"],"_links":{"self":[{"href":"https:\/\/bestforbeauty.de\/hun\/wp-json\/wp\/v2\/pages\/5509"}],"collection":[{"href":"https:\/\/bestforbeauty.de\/hun\/wp-json\/wp\/v2\/pages"}],"about":[{"href":"https:\/\/bestforbeauty.de\/hun\/wp-json\/wp\/v2\/types\/page"}],"author":[{"embeddable":true,"href":"https:\/\/bestforbeauty.de\/hun\/wp-json\/wp\/v2\/users\/1"}],"replies":[{"embeddable":true,"href":"https:\/\/bestforbeauty.de\/hun\/wp-json\/wp\/v2\/comments?post=5509"}],"version-history":[{"count":1,"href":"https:\/\/bestforbeauty.de\/hun\/wp-json\/wp\/v2\/pages\/5509\/revisions"}],"predecessor-version":[{"id":5683,"href":"https:\/\/bestforbeauty.de\/hun\/wp-json\/wp\/v2\/pages\/5509\/revisions\/5683"}],"wp:attachment":[{"href":"https:\/\/bestforbeauty.de\/hun\/wp-json\/wp\/v2\/media?parent=5509"}],"curies":[{"name":"wp","href":"https:\/\/api.w.org\/{rel}","templated":true}]}}