{"id":1565,"date":"2023-03-05T10:26:47","date_gmt":"2023-03-05T10:26:47","guid":{"rendered":"https:\/\/bestforbeauty.de\/hu\/?post_type=product&#038;p=1565"},"modified":"2023-04-16T05:32:34","modified_gmt":"2023-04-16T05:32:34","slug":"ulokehuzat-mega","status":"publish","type":"product","link":"https:\/\/bestforbeauty.de\/hun\/produkt\/ulokehuzat-mega\/","title":{"rendered":"\u00dcl\u0151kehuzat \u201eMega\u201d"},"content":{"rendered":"<p>\u00dcl\u0151kehuzat \u201eMega\u201d, egy darabos csomag<\/p>\n<p>K\u00e9nyelmes, az izzads\u00e1got mag\u00e1ba sz\u00edv\u00f3 frott\u00edr vagy vel\u00far anyagb\u00f3l k\u00e9sz\u00fcl.<\/p>\n<p>Az \u00fcl\u0151fel\u00fclet 100%-ban pamut, a KIV\u00c1L\u00d3 MIN\u0150S\u00c9G\u0170 anyag\u00f6sszet\u00e9tel garant\u00e1lja a legjobb anyagstabilit\u00e1st<\/p>\n<p>Anyags\u0171r\u0171s\u00e9g: 270 g\/m\u00b2<\/p>\n<p>A fels\u0151 r\u00e9teg \u00f6sszet\u00e9tele: 100% pamut<\/p>\n<p>Az als\u00f3 r\u00e9teg \u00f6sszet\u00e9tele: 80% pamut, 20% poli\u00e9szter<\/p>\n<p>Maximum 90 \u00b0C-on moshat\u00f3, festett sz\u00f6vet, az els\u0151 h\u00e1rom alkalommal k\u00fcl\u00f6n mossa ki.<\/p>\n<p>Sz\u00ednes text\u00edli\u00e1khoz alkalmas mos\u00f3por haszn\u00e1lata javasolt. Feh\u00e9r text\u00edlia eset\u00e9n b\u00e1rmilyen feh\u00e9r ruh\u00e1hoz val\u00f3 mos\u00f3por haszn\u00e1lhat\u00f3.<\/p>\n<p>A huzat teljes hossz\u00e1ban \u00e1ll\u00edthat\u00f3 gumival k\u00f6rbeszegett, melyet a huzat eleg\u00e1ns megfesz\u00edt\u00e9s\u00e9hez zsin\u00f3rv\u00e9gszor\u00edt\u00f3val l\u00e1ttunk el.<\/p>\n<p>Szabv\u00e1nyos m\u00e9ret\u0171 modell, az \u00f6sszes nagy m\u00e9ret\u0171 \u00fcl\u0151k\u00e9re \u00e9s nagy m\u00e9ret\u0171 h\u00e1tt\u00e1ml\u00e1ra j\u00f3l illeszkedik. Ide\u00e1lis tov\u00e1bb\u00e1 nagyobb irodai sz\u00e9kekhez, nyeregsz\u00e9kekhez, pihen\u0151\u00e1gyak fej- \u00e9s l\u00e1br\u00e9sz\u00e9nek bor\u00edt\u00e1s\u00e1hoz, valamint nagyobb pedik\u0171r l\u00e1btart\u00f3khoz.<\/p>\n<p>Sz\u00edn\u00e9t sok\u00e1ig megtartja.<\/p>\n<p>A huzatokat professzion\u00e1lis haszn\u00e1latra \u00e9s a sz\u00e9ps\u00e9gst\u00fadi\u00f3k ig\u00e9nyeit figyelembe v\u00e9ve k\u00e9sz\u00edtett\u00fck, \u00e9s ak\u00e1r hossz\u00fa ideig is kib\u00edrj\u00e1k a mindennapos mos\u00e1st.<\/p>\n<p>K\u00e9rj\u00fck, adja meg a sz\u00ednk\u00f3dot.<\/p>\n<p>180 g\/darab<\/p>\n","protected":false},"excerpt":{"rendered":"<ul class=\"list-type-check\">\n<li aria-level=\"1\">\u00dcl\u0151kehuzat \u201eMega\u201d | Frott\u00edr\/vel\u00far \u00fcl\u0151kehuzat<\/li>\n<li aria-level=\"1\">Gumizsin\u00f3rral \u00e9s zsin\u00f3rv\u00e9gszor\u00edt\u00f3val<\/li>\n<li aria-level=\"1\">K\u00fcl\u00f6n\u00f6sen rugalmas, k\u00f6t\u00f6tt anyagb\u00f3l k\u00e9sz\u00fcl<\/li>\n<li aria-level=\"1\">Probl\u00e9mamentes mos\u00e1s ak\u00e1r 90 \u00b0C-on<\/li>\n<\/ul>\n","protected":false},"featured_media":2325,"comment_status":"open","ping_status":"closed","template":"","meta":{"rank_math_lock_modified_date":false},"product_cat":[17],"product_tag":[],"class_list":{"0":"post-1565","1":"product","2":"type-product","3":"status-publish","4":"has-post-thumbnail","6":"product_cat-ulokehuzatok","8":"first","9":"instock","10":"taxable","11":"shipping-taxable","12":"purchasable","13":"product-type-variable"},"_links":{"self":[{"href":"https:\/\/bestforbeauty.de\/hun\/wp-json\/wp\/v2\/product\/1565"}],"collection":[{"href":"https:\/\/bestforbeauty.de\/hun\/wp-json\/wp\/v2\/product"}],"about":[{"href":"https:\/\/bestforbeauty.de\/hun\/wp-json\/wp\/v2\/types\/product"}],"replies":[{"embeddable":true,"href":"https:\/\/bestforbeauty.de\/hun\/wp-json\/wp\/v2\/comments?post=1565"}],"wp:featuredmedia":[{"embeddable":true,"href":"https:\/\/bestforbeauty.de\/hun\/wp-json\/wp\/v2\/media\/2325"}],"wp:attachment":[{"href":"https:\/\/bestforbeauty.de\/hun\/wp-json\/wp\/v2\/media?parent=1565"}],"wp:term":[{"taxonomy":"product_cat","embeddable":true,"href":"https:\/\/bestforbeauty.de\/hun\/wp-json\/wp\/v2\/product_cat?post=1565"},{"taxonomy":"product_tag","embeddable":true,"href":"https:\/\/bestforbeauty.de\/hun\/wp-json\/wp\/v2\/product_tag?post=1565"}],"curies":[{"name":"wp","href":"https:\/\/api.w.org\/{rel}","templated":true}]}}