{"id":1567,"date":"2023-03-05T10:26:47","date_gmt":"2023-03-05T10:26:47","guid":{"rendered":"https:\/\/bestforbeauty.de\/hu\/?post_type=product&#038;p=1567"},"modified":"2023-04-16T05:40:57","modified_gmt":"2023-04-16T05:40:57","slug":"fejtamlahuzat-maxi-belelt-kivagassal","status":"publish","type":"product","link":"https:\/\/bestforbeauty.de\/hun\/produkt\/fejtamlahuzat-maxi-belelt-kivagassal\/","title":{"rendered":"Fejt\u00e1mlahuzat \u201eMaxi\u201d b\u00e9lelt kiv\u00e1g\u00e1ssal"},"content":{"rendered":"<p>Fejt\u00e1mlahuzat \u201eMaxi\u201d b\u00e9lelt kiv\u00e1g\u00e1ssal<\/p>\n<p>K\u00e9nyelmes, az izzads\u00e1got mag\u00e1ba sz\u00edv\u00f3 frott\u00edr vagy vel\u00far anyagb\u00f3l k\u00e9sz\u00fcl.<\/p>\n<p>Az \u00e9rintkez\u00e9si fel\u00fclet 100%-ban pamut, a KIV\u00c1L\u00d3 MIN\u0150S\u00c9G\u0170 anyag\u00f6sszet\u00e9tel garant\u00e1lja a legjobb anyagstabilit\u00e1st<\/p>\n<p>Anyags\u0171r\u0171s\u00e9g: 270 g\/m\u00b2<\/p>\n<p>A fels\u0151 r\u00e9teg \u00f6sszet\u00e9tele: 100% pamut<\/p>\n<p>Az als\u00f3 r\u00e9teg \u00f6sszet\u00e9tele: 80% pamut, 20% poli\u00e9szter<\/p>\n<p>Maximum 90 \u00b0C-on moshat\u00f3, festett sz\u00f6vet, az els\u0151 h\u00e1rom alkalommal k\u00fcl\u00f6n mossa ki.<\/p>\n<p>Sz\u00ednes text\u00edli\u00e1khoz alkalmas mos\u00f3por haszn\u00e1lata javasolt. Feh\u00e9r text\u00edlia eset\u00e9n b\u00e1rmilyen feh\u00e9r ruh\u00e1hoz val\u00f3 mos\u00f3por haszn\u00e1lhat\u00f3.<\/p>\n<p>A huzat teljes hossz\u00e1ban \u00e1ll\u00edthat\u00f3 gumival k\u00f6rbeszegett, melyet a huzat eleg\u00e1ns megfesz\u00edt\u00e9s\u00e9hez zsin\u00f3rv\u00e9gszor\u00edt\u00f3val l\u00e1ttunk el.<\/p>\n<p>Szabv\u00e1nyos m\u00e9ret\u0171 modell, az \u00f6sszes sztenderd, kiv\u00e1g\u00e1ssal ell\u00e1tott fejt\u00e1ml\u00e1ra illeszkedik, amelynek m\u00e9rete 38\u201350 cm k\u00f6z\u00f6tti.<\/p>\n<p>Sz\u00edn\u00e9t sok\u00e1ig megtartja.<\/p>\n<p>A huzatokat professzion\u00e1lis haszn\u00e1latra \u00e9s a sz\u00e9ps\u00e9gst\u00fadi\u00f3k ig\u00e9nyeit figyelembe v\u00e9ve k\u00e9sz\u00edtett\u00fck, \u00e9s ak\u00e1r hossz\u00fa ideig is kib\u00edrj\u00e1k a mindennapos mos\u00e1st.<\/p>\n<p>K\u00e9rj\u00fck, adja meg a sz\u00ednk\u00f3dot.<\/p>\n<p>110 g\/darab<\/p>\n<p>&nbsp;<\/p>\n","protected":false},"excerpt":{"rendered":"<ul class=\"list-type-check\">\n<li aria-level=\"1\">Az \u00f6sszes szabv\u00e1nyos m\u00e9ret\u0171, kiv\u00e1g\u00e1ssal ell\u00e1tott fejt\u00e1ml\u00e1ra illeszkedik, amelynek m\u00e9rete 38\u201350 cm k\u00f6z\u00f6tti<\/li>\n<li aria-level=\"1\">Gumizsin\u00f3rral \u00e9s zsin\u00f3rv\u00e9gszor\u00edt\u00f3val<\/li>\n<li aria-level=\"1\">K\u00fcl\u00f6n\u00f6sen rugalmas, k\u00f6t\u00f6tt anyagb\u00f3l k\u00e9sz\u00fcl<\/li>\n<li aria-level=\"1\">Probl\u00e9mamentes mos\u00e1s ak\u00e1r 90 \u00b0C-on<\/li>\n<\/ul>\n","protected":false},"featured_media":2842,"comment_status":"open","ping_status":"closed","template":"","meta":{"rank_math_lock_modified_date":false},"product_cat":[19],"product_tag":[],"class_list":{"0":"post-1567","1":"product","2":"type-product","3":"status-publish","4":"has-post-thumbnail","6":"product_cat-kiegeszitok","8":"first","9":"instock","10":"taxable","11":"shipping-taxable","12":"purchasable","13":"product-type-variable"},"_links":{"self":[{"href":"https:\/\/bestforbeauty.de\/hun\/wp-json\/wp\/v2\/product\/1567"}],"collection":[{"href":"https:\/\/bestforbeauty.de\/hun\/wp-json\/wp\/v2\/product"}],"about":[{"href":"https:\/\/bestforbeauty.de\/hun\/wp-json\/wp\/v2\/types\/product"}],"replies":[{"embeddable":true,"href":"https:\/\/bestforbeauty.de\/hun\/wp-json\/wp\/v2\/comments?post=1567"}],"wp:featuredmedia":[{"embeddable":true,"href":"https:\/\/bestforbeauty.de\/hun\/wp-json\/wp\/v2\/media\/2842"}],"wp:attachment":[{"href":"https:\/\/bestforbeauty.de\/hun\/wp-json\/wp\/v2\/media?parent=1567"}],"wp:term":[{"taxonomy":"product_cat","embeddable":true,"href":"https:\/\/bestforbeauty.de\/hun\/wp-json\/wp\/v2\/product_cat?post=1567"},{"taxonomy":"product_tag","embeddable":true,"href":"https:\/\/bestforbeauty.de\/hun\/wp-json\/wp\/v2\/product_tag?post=1567"}],"curies":[{"name":"wp","href":"https:\/\/api.w.org\/{rel}","templated":true}]}}