{"id":1581,"date":"2023-03-05T10:26:51","date_gmt":"2023-03-05T10:26:51","guid":{"rendered":"https:\/\/bestforbeauty.de\/hu\/?post_type=product&#038;p=1581"},"modified":"2023-04-16T05:13:50","modified_gmt":"2023-04-16T05:13:50","slug":"harom-reszes-kezeloagyhuzat-szett-kivagassal","status":"publish","type":"product","link":"https:\/\/bestforbeauty.de\/hun\/produkt\/harom-reszes-kezeloagyhuzat-szett-kivagassal\/","title":{"rendered":"H\u00e1rom r\u00e9szes kezel\u0151\u00e1gyhuzat szett (kiv\u00e1g\u00e1ssal)"},"content":{"rendered":"<p>H\u00e1rom r\u00e9szes kezel\u0151\u00e1gyhuzat szett, melynek r\u00e9szei: 1 db \u00e1gyhuzat, 1 db fejt\u00e1mlahuzat kiv\u00e1g\u00e1s n\u00e9lk\u00fcl, valamint 1 db l\u00e1bt\u00e1maszhuzat. K\u00e9nyelmes, az izzads\u00e1got mag\u00e1ba sz\u00edv\u00f3 frott\u00edr vagy vel\u00far anyagb\u00f3l k\u00e9sz\u00fcl.<\/p>\n<p>A fekv\u0151fel\u00fclet 100%-ban pamut, a KIV\u00c1L\u00d3 MIN\u0150S\u00c9G\u0170 anyag\u00f6sszet\u00e9tel garant\u00e1lja a legjobb stabilit\u00e1st (270 g\/m\u00b2, 80% pamut \u2013 a fels\u0151 r\u00e9tegben 100% \u2013, valamint 20% poli\u00e9szter az als\u00f3 r\u00e9tegben).<\/p>\n<p>Maximum 90 \u00b0C-on moshat\u00f3, festett sz\u00f6vet, az els\u0151 h\u00e1rom alkalommal k\u00fcl\u00f6n mossa ki. Sz\u00ednes text\u00edli\u00e1khoz alkalmas mos\u00f3por haszn\u00e1lata javasolt. Feh\u00e9r text\u00edlia eset\u00e9n b\u00e1rmilyen feh\u00e9r ruh\u00e1hoz val\u00f3 mos\u00f3por haszn\u00e1lhat\u00f3.<\/p>\n<p>A huzat teljes hossz\u00e1ban \u00e1ll\u00edthat\u00f3 gumival k\u00f6rbeszegett, melyet a huzat eleg\u00e1ns megfesz\u00edt\u00e9s\u00e9hez gumi\u00e1ll\u00edt\u00f3val l\u00e1ttunk el.<\/p>\n<p>Sztenderd m\u00e9ret\u0171 modell, a legt\u00f6bb h\u00e1rom r\u00e9szb\u0151l \u00e1ll\u00f3, kiv\u00e1g\u00e1ssal rendelkez\u0151 kezel\u0151\u00e1gyhoz illeszkedik, ahol a kezel\u0151\u00e1gy 125\u2013150 cm hossz\u00fa \u00e9s 50\u201365 cm sz\u00e9les, a fejt\u00e1mla 45\u201360 cm hossz\u00fa \u00e9s 20\u201335 cm sz\u00e9les, a l\u00e1bt\u00e1masz pedig 45\u201360 cm hossz\u00fa \u00e9s 20\u201335 cm sz\u00e9les.<\/p>\n<p>Sz\u00edn\u00e9t sok\u00e1ig megtartja.<\/p>\n<p>A huzatokat professzion\u00e1lis haszn\u00e1latra \u00e9s a sz\u00e9ps\u00e9gst\u00fadi\u00f3k ig\u00e9nyeit figyelembe v\u00e9ve k\u00e9sz\u00edtett\u00fck, \u00e9s ak\u00e1r hossz\u00fa ideig is kib\u00edrj\u00e1k a mindennapos mos\u00e1st.<\/p>\n<p>K\u00e9rj\u00fck, adja meg a sz\u00ednk\u00f3dot.<\/p>\n","protected":false},"excerpt":{"rendered":"<ul style=\"font-weight: 400;\">\n<li aria-level=\"1\">H\u00e1rom r\u00e9szes kezel\u0151\u00e1gyhuzat szett (kiv\u00e1g\u00e1ssal), a legt\u00f6bb h\u00e1rom r\u00e9szb\u0151l \u00e1ll\u00f3 kezel\u0151\u00e1gyhoz illeszkedik, ahol a kezel\u0151\u00e1gy 125\u2013150 cm hossz\u00fa \u00e9s 50\u201365 cm sz\u00e9les, a fejt\u00e1mla 45\u201360 cm hossz\u00fa \u00e9s 20\u201335 cm sz\u00e9les, a l\u00e1bt\u00e1masz pedig 45\u201360 cm hossz\u00fa \u00e9s 20\u201335 cm sz\u00e9les.<\/li>\n<li aria-level=\"1\">Gumizsin\u00f3rral \u00e9s zsin\u00f3rv\u00e9gszor\u00edt\u00f3val<\/li>\n<li aria-level=\"1\">K\u00fcl\u00f6n\u00f6sen rugalmas, k\u00f6t\u00f6tt anyagb\u00f3l k\u00e9sz\u00fcl<\/li>\n<li aria-level=\"1\">Probl\u00e9mamentes mos\u00e1s ak\u00e1r 90 \u00b0C-on<\/li>\n<\/ul>\n","protected":false},"featured_media":3137,"comment_status":"open","ping_status":"closed","template":"","meta":{"rank_math_lock_modified_date":false},"product_cat":[16],"product_tag":[],"class_list":{"0":"post-1581","1":"product","2":"type-product","3":"status-publish","4":"has-post-thumbnail","6":"product_cat-kezeloagyhuzatok","8":"first","9":"instock","10":"taxable","11":"shipping-taxable","12":"purchasable","13":"product-type-variable"},"_links":{"self":[{"href":"https:\/\/bestforbeauty.de\/hun\/wp-json\/wp\/v2\/product\/1581"}],"collection":[{"href":"https:\/\/bestforbeauty.de\/hun\/wp-json\/wp\/v2\/product"}],"about":[{"href":"https:\/\/bestforbeauty.de\/hun\/wp-json\/wp\/v2\/types\/product"}],"replies":[{"embeddable":true,"href":"https:\/\/bestforbeauty.de\/hun\/wp-json\/wp\/v2\/comments?post=1581"}],"wp:featuredmedia":[{"embeddable":true,"href":"https:\/\/bestforbeauty.de\/hun\/wp-json\/wp\/v2\/media\/3137"}],"wp:attachment":[{"href":"https:\/\/bestforbeauty.de\/hun\/wp-json\/wp\/v2\/media?parent=1581"}],"wp:term":[{"taxonomy":"product_cat","embeddable":true,"href":"https:\/\/bestforbeauty.de\/hun\/wp-json\/wp\/v2\/product_cat?post=1581"},{"taxonomy":"product_tag","embeddable":true,"href":"https:\/\/bestforbeauty.de\/hun\/wp-json\/wp\/v2\/product_tag?post=1581"}],"curies":[{"name":"wp","href":"https:\/\/api.w.org\/{rel}","templated":true}]}}