{"id":1587,"date":"2023-03-05T10:26:53","date_gmt":"2023-03-05T10:26:53","guid":{"rendered":"https:\/\/bestforbeauty.de\/hu\/?post_type=product&#038;p=1587"},"modified":"2023-04-16T05:22:10","modified_gmt":"2023-04-16T05:22:10","slug":"sk1-l-kivalo-minosegu-univerzalis-huzat-orrkivagassal-rendelkezo-kozmetikai-kezeloagyakhoz","status":"publish","type":"product","link":"https:\/\/bestforbeauty.de\/hun\/produkt\/sk1-l-kivalo-minosegu-univerzalis-huzat-orrkivagassal-rendelkezo-kozmetikai-kezeloagyakhoz\/","title":{"rendered":"SK1-L \u2013 kiv\u00e1l\u00f3 min\u0151s\u00e9g\u0171, univerz\u00e1lis huzat orrkiv\u00e1g\u00e1ssal rendelkez\u0151 kozmetikai kezel\u0151\u00e1gyakhoz"},"content":{"rendered":"<p>SK1-L \u2013 kiv\u00e1l\u00f3 min\u0151s\u00e9g\u0171, univerz\u00e1lis huzat orkiv\u00e1g\u00e1ssal rendelkez\u0151 kozmetikai kezel\u0151\u00e1gyakhoz<\/p>\n<p>Az al\u00e1bbi t\u00edpusokra illeszkedik:<\/p>\n<p>&#8211; Queen I + II + III + IV + V + V-1 + VI + VII + VIII + X + MIC<\/p>\n<p>&#8211; Queen X Premium<\/p>\n<p>&#8211; Princess I + Princess I Premium<\/p>\n<p>&#8211; Princess IV<\/p>\n<p>&#8211; Royal Louis<\/p>\n<p>&#8211; Lady I + II<\/p>\n<p>Maximum 90 \u00b0C-on moshat\u00f3, festett sz\u00f6vet, az els\u0151 h\u00e1rom alkalommal k\u00fcl\u00f6n mossa ki. Sz\u00ednes text\u00edli\u00e1khoz alkalmas mos\u00f3por haszn\u00e1lata javasolt. Feh\u00e9r text\u00edlia eset\u00e9n b\u00e1rmilyen feh\u00e9r ruh\u00e1hoz val\u00f3 mos\u00f3por haszn\u00e1lhat\u00f3. A k\u00f6nnyebb \u00e1ll\u00edthat\u00f3s\u00e1g\u00e9rt gumizsin\u00f3rral \u00e9s zsin\u00f3rv\u00e9gszor\u00edt\u00f3val l\u00e1ttuk el.<\/p>\n<p>Sz\u00edn\u00e9t sok\u00e1ig megtartja.<\/p>\n","protected":false},"excerpt":{"rendered":"<ul style=\"font-weight: 400;\">\n<li aria-level=\"1\">SK1-L \u2013 kiv\u00e1l\u00f3 min\u0151s\u00e9g\u0171, univerz\u00e1lis huzat orrkiv\u00e1g\u00e1ssal rendelkez\u0151 kozmetikai kezel\u0151\u00e1gyakhoz, az al\u00e1bbi t\u00edpusokra illeszkedik:\n<ul>\n<li aria-level=\"2\">Queen I + II + III + IV + V + V-1 + VI + VII + VIII + X + MIC<\/li>\n<li aria-level=\"2\">Queen X Premium<\/li>\n<li aria-level=\"2\">Princess I + Princess I Premium<\/li>\n<li aria-level=\"2\">Princess IV<\/li>\n<li aria-level=\"2\">Royal Louis<\/li>\n<li aria-level=\"2\">Lady I + II<\/li>\n<\/ul>\n<\/li>\n<li aria-level=\"1\">Gumizsin\u00f3rral \u00e9s zsin\u00f3rv\u00e9gszor\u00edt\u00f3val<\/li>\n<li aria-level=\"1\">K\u00fcl\u00f6n\u00f6sen rugalmas, k\u00f6t\u00f6tt anyagb\u00f3l k\u00e9sz\u00fcl<\/li>\n<li aria-level=\"1\">Probl\u00e9mamentes mos\u00e1s ak\u00e1r 90 \u00b0C-on<\/li>\n<\/ul>\n","protected":false},"featured_media":3813,"comment_status":"open","ping_status":"closed","template":"","meta":{"rank_math_lock_modified_date":false},"product_cat":[16],"product_tag":[],"class_list":{"0":"post-1587","1":"product","2":"type-product","3":"status-publish","4":"has-post-thumbnail","6":"product_cat-kezeloagyhuzatok","8":"first","9":"instock","10":"taxable","11":"shipping-taxable","12":"purchasable","13":"product-type-variable"},"_links":{"self":[{"href":"https:\/\/bestforbeauty.de\/hun\/wp-json\/wp\/v2\/product\/1587"}],"collection":[{"href":"https:\/\/bestforbeauty.de\/hun\/wp-json\/wp\/v2\/product"}],"about":[{"href":"https:\/\/bestforbeauty.de\/hun\/wp-json\/wp\/v2\/types\/product"}],"replies":[{"embeddable":true,"href":"https:\/\/bestforbeauty.de\/hun\/wp-json\/wp\/v2\/comments?post=1587"}],"wp:featuredmedia":[{"embeddable":true,"href":"https:\/\/bestforbeauty.de\/hun\/wp-json\/wp\/v2\/media\/3813"}],"wp:attachment":[{"href":"https:\/\/bestforbeauty.de\/hun\/wp-json\/wp\/v2\/media?parent=1587"}],"wp:term":[{"taxonomy":"product_cat","embeddable":true,"href":"https:\/\/bestforbeauty.de\/hun\/wp-json\/wp\/v2\/product_cat?post=1587"},{"taxonomy":"product_tag","embeddable":true,"href":"https:\/\/bestforbeauty.de\/hun\/wp-json\/wp\/v2\/product_tag?post=1587"}],"curies":[{"name":"wp","href":"https:\/\/api.w.org\/{rel}","templated":true}]}}