{"id":1599,"date":"2023-03-05T10:27:05","date_gmt":"2023-03-05T10:27:05","guid":{"rendered":"https:\/\/bestforbeauty.de\/hu\/?post_type=product&#038;p=1599"},"modified":"2023-04-17T13:38:49","modified_gmt":"2023-04-17T13:38:49","slug":"nagy-meretu-torulkozo-maxi-ket-darabos-csomag","status":"publish","type":"product","link":"https:\/\/bestforbeauty.de\/hun\/produkt\/nagy-meretu-torulkozo-maxi-ket-darabos-csomag\/","title":{"rendered":"Nagy m\u00e9ret\u0171 t\u00f6r\u00fclk\u00f6z\u0151 \u201eMaxi\u201d, k\u00e9t darabos csomag"},"content":{"rendered":"<p>Nagy m\u00e9ret\u0171 t\u00f6r\u00fclk\u00f6z\u0151 \u201eMaxi\u201d, k\u00e9t darabos csomag<\/p>\n<p>Szuperpuha t\u00f6r\u00fclk\u00f6z\u0151 kompresszi\u00f3s kezel\u00e9sekhez \u00e9s vend\u00e9gt\u00f6r\u00fclk\u00f6z\u0151nek, kiv\u00e1l\u00f3, \u00f6tcsillagos sz\u00e1llod\u00e1k \u00e1ltal is haszn\u00e1lt min\u0151s\u00e9g, 500 g\/m\u00b2 anyags\u0171r\u0171s\u00e9g, dupla sz\u00f6v\u00e9s\u0171 \u2013 ennek k\u00f6sz\u00f6nhet\u0151 az a mennyei puhas\u00e1g \u00e9s k\u00fcl\u00f6nleges mint\u00e1zat, melynek k\u00f6vetkezt\u00e9ben egy forr\u00f3 mos\u00e1s ut\u00e1n is megtartja az alakj\u00e1t, \u00faj fejleszt\u00e9s\u0171 fest\u00e9si technol\u00f3gia a tart\u00f3s \u00e9s ragyog\u00f3 sz\u00ednek\u00e9rt, m\u00e9g sok-sok mos\u00e1s ut\u00e1n is.<\/p>\n<p>Sz\u00ednes text\u00edli\u00e1khoz alkalmas mos\u00f3por haszn\u00e1lata javasolt. Feh\u00e9r text\u00edlia eset\u00e9n b\u00e1rmilyen feh\u00e9r ruh\u00e1hoz val\u00f3 mos\u00f3por haszn\u00e1lhat\u00f3.<\/p>\n<p>A forgalmazott sz\u00ednek megegyeznek a Best For Beauty term\u00e9kcsal\u00e1d sz\u00edneivel.<\/p>\n<p>Ide\u00e1lis v\u00e1laszt\u00e1s az \u00d6n szalonj\u00e1ba, a kezel\u00e9seihez, valamint wellness \u00e9s rekre\u00e1ci\u00f3s sz\u00e1llod\u00e1k \u00e9s SPA-k sz\u00e1m\u00e1ra. M\u00e9rete: 110 cm \u00d7 55 cm<\/p>\n<p>710 g\/csomag<\/p>\n","protected":false},"excerpt":{"rendered":"<ul class=\"list-type-check\">\n<li aria-level=\"1\">Kiv\u00e1l\u00f3, \u00f6tcsillagos sz\u00e1llod\u00e1k \u00e1ltal is haszn\u00e1lt min\u0151s\u00e9g, 500\u00a0g\/m\u00b2 anyags\u0171r\u0171s\u00e9g, dupla sz\u00f6v\u00e9s\u0171 \u2013 ennek k\u00f6sz\u00f6nhet\u0151en mennyeien puha<\/li>\n<li aria-level=\"1\">K\u00fcl\u00f6nleges mint\u00e1zat\u00fa, melynek k\u00f6vetkezt\u00e9ben egy forr\u00f3 mos\u00e1s ut\u00e1n is megtartja az alakj\u00e1t<\/li>\n<li aria-level=\"1\">M\u00e9rete: 110\u00a0\u00d7\u00a055\u00a0cm, k\u00e9t darab egy csomagban<\/li>\n<li aria-level=\"1\">A forgalmazott sz\u00ednek megegyeznek a Best For Beauty term\u00e9kcsal\u00e1d sz\u00edneivel<\/li>\n<li aria-level=\"1\">Probl\u00e9mamentes mos\u00e1s ak\u00e1r 90\u00a0\u00b0C-on<\/li>\n<\/ul>\n","protected":false},"featured_media":4365,"comment_status":"open","ping_status":"closed","template":"","meta":{"rank_math_lock_modified_date":false},"product_cat":[21],"product_tag":[],"class_list":{"0":"post-1599","1":"product","2":"type-product","3":"status-publish","4":"has-post-thumbnail","6":"product_cat-torulkozok","8":"first","9":"instock","10":"taxable","11":"shipping-taxable","12":"purchasable","13":"product-type-variable"},"_links":{"self":[{"href":"https:\/\/bestforbeauty.de\/hun\/wp-json\/wp\/v2\/product\/1599"}],"collection":[{"href":"https:\/\/bestforbeauty.de\/hun\/wp-json\/wp\/v2\/product"}],"about":[{"href":"https:\/\/bestforbeauty.de\/hun\/wp-json\/wp\/v2\/types\/product"}],"replies":[{"embeddable":true,"href":"https:\/\/bestforbeauty.de\/hun\/wp-json\/wp\/v2\/comments?post=1599"}],"wp:featuredmedia":[{"embeddable":true,"href":"https:\/\/bestforbeauty.de\/hun\/wp-json\/wp\/v2\/media\/4365"}],"wp:attachment":[{"href":"https:\/\/bestforbeauty.de\/hun\/wp-json\/wp\/v2\/media?parent=1599"}],"wp:term":[{"taxonomy":"product_cat","embeddable":true,"href":"https:\/\/bestforbeauty.de\/hun\/wp-json\/wp\/v2\/product_cat?post=1599"},{"taxonomy":"product_tag","embeddable":true,"href":"https:\/\/bestforbeauty.de\/hun\/wp-json\/wp\/v2\/product_tag?post=1599"}],"curies":[{"name":"wp","href":"https:\/\/api.w.org\/{rel}","templated":true}]}}