{"id":1605,"date":"2023-03-05T10:27:06","date_gmt":"2023-03-05T10:27:06","guid":{"rendered":"https:\/\/bestforbeauty.de\/hu\/?post_type=product&#038;p=1605"},"modified":"2023-04-16T05:48:08","modified_gmt":"2023-04-16T05:48:08","slug":"belelt-frottircipo-kezelesekhez-ket-darab-egy-csomagban","status":"publish","type":"product","link":"https:\/\/bestforbeauty.de\/hun\/produkt\/belelt-frottircipo-kezelesekhez-ket-darab-egy-csomagban\/","title":{"rendered":"B\u00e9lelt frott\u00edrcip\u0151 kezel\u00e9sekhez (k\u00e9t darab egy csomagban)"},"content":{"rendered":"<p>B\u00e9lelt frott\u00edrcip\u0151 kezel\u00e9sekhez (k\u00e9t darab egy csomagban)<\/p>\n<p>K\u00fcl\u00f6n\u00f6sen rugalmas, mivel nem sz\u0151tt, hanem k\u00f6t\u00f6tt anyagb\u00f3l k\u00e9sz\u00fcl.<\/p>\n<p>A KIV\u00c1L\u00d3 MIN\u0150S\u00c9G\u0170 anyag\u00f6sszet\u00e9tel garant\u00e1lja a legjobb stabilit\u00e1st (270 g\/m\u00b2, 80% pamut \u2013 a fels\u0151 r\u00e9tegben 100% \u2013, valamint 20% poli\u00e9szter az als\u00f3 r\u00e9tegben).<\/p>\n<p>Maximum 90 \u00b0C-on moshat\u00f3, festett sz\u00f6vet, az els\u0151 h\u00e1rom alkalommal k\u00fcl\u00f6n mossa ki. Sz\u00ednes text\u00edli\u00e1khoz alkalmas mos\u00f3por haszn\u00e1lata javasolt. Feh\u00e9r text\u00edlia eset\u00e9n b\u00e1rmilyen feh\u00e9r ruh\u00e1hoz val\u00f3 mos\u00f3por haszn\u00e1lhat\u00f3.<\/p>\n<p>Sz\u00edn\u00e9t sok\u00e1ig megtartja.<\/p>\n<p>450 g\/csomag<\/p>\n","protected":false},"excerpt":{"rendered":"<ul>\n<li aria-level=\"1\">Kezel\u00e9sekhez<\/li>\n<li aria-level=\"1\">K\u00e9t darab egy csomagban<\/li>\n<li aria-level=\"1\">K\u00fcl\u00f6n\u00f6sen rugalmas, k\u00f6t\u00f6tt anyagb\u00f3l k\u00e9sz\u00fcl<\/li>\n<li aria-level=\"1\">Probl\u00e9mamentes mos\u00e1s ak\u00e1r 90 \u00b0C-on<\/li>\n<\/ul>\n","protected":false},"featured_media":4255,"comment_status":"open","ping_status":"closed","template":"","meta":{"rank_math_lock_modified_date":false},"product_cat":[19],"product_tag":[],"class_list":{"0":"post-1605","1":"product","2":"type-product","3":"status-publish","4":"has-post-thumbnail","6":"product_cat-kiegeszitok","8":"first","9":"instock","10":"taxable","11":"shipping-taxable","12":"purchasable","13":"product-type-variable"},"_links":{"self":[{"href":"https:\/\/bestforbeauty.de\/hun\/wp-json\/wp\/v2\/product\/1605"}],"collection":[{"href":"https:\/\/bestforbeauty.de\/hun\/wp-json\/wp\/v2\/product"}],"about":[{"href":"https:\/\/bestforbeauty.de\/hun\/wp-json\/wp\/v2\/types\/product"}],"replies":[{"embeddable":true,"href":"https:\/\/bestforbeauty.de\/hun\/wp-json\/wp\/v2\/comments?post=1605"}],"wp:featuredmedia":[{"embeddable":true,"href":"https:\/\/bestforbeauty.de\/hun\/wp-json\/wp\/v2\/media\/4255"}],"wp:attachment":[{"href":"https:\/\/bestforbeauty.de\/hun\/wp-json\/wp\/v2\/media?parent=1605"}],"wp:term":[{"taxonomy":"product_cat","embeddable":true,"href":"https:\/\/bestforbeauty.de\/hun\/wp-json\/wp\/v2\/product_cat?post=1605"},{"taxonomy":"product_tag","embeddable":true,"href":"https:\/\/bestforbeauty.de\/hun\/wp-json\/wp\/v2\/product_tag?post=1605"}],"curies":[{"name":"wp","href":"https:\/\/api.w.org\/{rel}","templated":true}]}}