{"id":3212,"date":"2023-03-07T12:30:35","date_gmt":"2023-03-07T12:30:35","guid":{"rendered":"https:\/\/bestforbeauty.de\/hu\/?post_type=product&#038;p=3212"},"modified":"2023-04-17T13:59:32","modified_gmt":"2023-04-17T13:59:32","slug":"viz-es-olajallo-tepozaras-karfahuzat-maxi-1-par","status":"publish","type":"product","link":"https:\/\/bestforbeauty.de\/hun\/produkt\/viz-es-olajallo-tepozaras-karfahuzat-maxi-1-par\/","title":{"rendered":"V\u00edz- \u00e9s olaj\u00e1ll\u00f3 t\u00e9p\u0151z\u00e1ras karfahuzat \u201eMaxi\u201c (1 p\u00e1r)"},"content":{"rendered":"<p>V\u00edz- \u00e9s olaj\u00e1ll\u00f3 t\u00e9p\u0151z\u00e1ras karfahuzat \u201eMaxi\u201c (1 p\u00e1r)<\/p>\n<p>Nagy m\u00e9ret\u0171 karfahuzat k\u00fcl\u00f6nleges haszn\u00e1latra, v\u00edz-, olaj- \u00e9s csokol\u00e1d\u00e9\u00e1ll\u00f3.<\/p>\n<p>A 45\u201375 cm hossz\u00fa \u00e9s 8\u201315 cm sz\u00e9les huzat a nagy m\u00e9ret\u0171 karf\u00e1k szinte mindegyik\u00e9re illeszkedik.<\/p>\n<p>Anyag\u00f6sszet\u00e9tel: 82% frott\u00edr (CO), 18% PES, alul: 100% poliuret\u00e1n.<\/p>\n<p>Fel\u00fclete k\u00e9nyelmes, az izzads\u00e1got mag\u00e1ba sz\u00edv\u00f3 anyagb\u00f3l k\u00e9sz\u00fcl.<\/p>\n<p>Maximum 90 \u00b0C-on moshat\u00f3, festett sz\u00f6vet, az els\u0151 h\u00e1rom alkalommal k\u00fcl\u00f6n mossa ki.<\/p>\n<p>A huzat teljes hossz\u00e1ban \u00e1ll\u00edthat\u00f3 gumival k\u00f6rbeszegett, melyet a huzat eleg\u00e1ns megfesz\u00edt\u00e9s\u00e9hez gumi\u00e1ll\u00edt\u00f3val l\u00e1ttunk el.<\/p>\n<p>Sz\u00edn\u00e9t sok\u00e1ig megtartja.<\/p>\n<p>A huzatokat professzion\u00e1lis haszn\u00e1latra \u00e9s a sz\u00e9ps\u00e9gst\u00fadi\u00f3k ig\u00e9nyeit figyelembe v\u00e9ve k\u00e9sz\u00edtett\u00fck, \u00e9s ak\u00e1r hossz\u00fa ideig is kib\u00edrj\u00e1k a mindennapos mos\u00e1st.<\/p>\n<p>170 g\/csomag<\/p>\n","protected":false},"excerpt":{"rendered":"<ul>\n<li aria-level=\"1\">V\u00edz-, olaj- \u00e9s csokol\u00e1d\u00e9\u00e1ll\u00f3<\/li>\n<li aria-level=\"1\">Fels\u0151 r\u00e9teg: 82% pamut, 18% polietil\u00e9n<\/li>\n<li aria-level=\"1\">Als\u00f3 r\u00e9teg: 100% poliuret\u00e1n<\/li>\n<li aria-level=\"1\">A 45\u201375 cm hossz\u00fa \u00e9s 8\u201315 cm sz\u00e9les karf\u00e1kra illeszkedik<\/li>\n<li aria-level=\"1\">1 p\u00e1r<\/li>\n<li aria-level=\"1\">Gumizsin\u00f3rral \u00e9s zsin\u00f3rv\u00e9gszor\u00edt\u00f3val<\/li>\n<li aria-level=\"1\">K\u00fcl\u00f6n\u00f6sen rugalmas, k\u00f6t\u00f6tt anyagb\u00f3l k\u00e9sz\u00fcl<\/li>\n<li aria-level=\"1\">Probl\u00e9mamentes mos\u00e1s ak\u00e1r 90 \u00b0C-on<\/li>\n<\/ul>\n","protected":false},"featured_media":4596,"comment_status":"open","ping_status":"closed","template":"","meta":{"rank_math_lock_modified_date":false},"product_cat":[31],"product_tag":[],"class_list":{"0":"post-3212","1":"product","2":"type-product","3":"status-publish","4":"has-post-thumbnail","6":"product_cat-viz-es-olajallo-huzatok","8":"first","9":"instock","10":"taxable","11":"shipping-taxable","12":"purchasable","13":"product-type-simple"},"_links":{"self":[{"href":"https:\/\/bestforbeauty.de\/hun\/wp-json\/wp\/v2\/product\/3212"}],"collection":[{"href":"https:\/\/bestforbeauty.de\/hun\/wp-json\/wp\/v2\/product"}],"about":[{"href":"https:\/\/bestforbeauty.de\/hun\/wp-json\/wp\/v2\/types\/product"}],"replies":[{"embeddable":true,"href":"https:\/\/bestforbeauty.de\/hun\/wp-json\/wp\/v2\/comments?post=3212"}],"wp:featuredmedia":[{"embeddable":true,"href":"https:\/\/bestforbeauty.de\/hun\/wp-json\/wp\/v2\/media\/4596"}],"wp:attachment":[{"href":"https:\/\/bestforbeauty.de\/hun\/wp-json\/wp\/v2\/media?parent=3212"}],"wp:term":[{"taxonomy":"product_cat","embeddable":true,"href":"https:\/\/bestforbeauty.de\/hun\/wp-json\/wp\/v2\/product_cat?post=3212"},{"taxonomy":"product_tag","embeddable":true,"href":"https:\/\/bestforbeauty.de\/hun\/wp-json\/wp\/v2\/product_tag?post=3212"}],"curies":[{"name":"wp","href":"https:\/\/api.w.org\/{rel}","templated":true}]}}