{"id":4494,"date":"2023-03-07T16:09:27","date_gmt":"2023-03-07T16:09:27","guid":{"rendered":"https:\/\/bestforbeauty.de\/hu\/?post_type=product&#038;p=4494"},"modified":"2023-04-17T13:55:38","modified_gmt":"2023-04-17T13:55:38","slug":"eldobhato-huzat-masszazsagyakhoz-nyolc-darabos-csomag","status":"publish","type":"product","link":"https:\/\/bestforbeauty.de\/hun\/produkt\/eldobhato-huzat-masszazsagyakhoz-nyolc-darabos-csomag\/","title":{"rendered":"Eldobhat\u00f3 huzat massz\u00e1zs\u00e1gyakhoz (nyolc darabos csomag)"},"content":{"rendered":"<p>Eldobhat\u00f3 huzat massz\u00e1zs\u00e1gyakhoz (nyolc darabos csomag)<\/p>\n<p>Az \u00e9rt\u00e9kes huzatok \u00e9s p\u00e1rn\u00e1k v\u00e9delm\u00e9\u00e9rt.<\/p>\n<p>Anyaga: nagyon v\u00e9kony, szinte \u00e1tl\u00e1tsz\u00f3, fonott, nem sz\u0151tt anyag polipropil\u00e9nb\u0151l, a huzatba varrt gumiszalaggal.<\/p>\n<p>Szabv\u00e1nyos m\u00e9ret\u0171 modell, a legt\u00f6bb massz\u00e1zs\u00e1gyra illeszkedik, melynek hossz\u00fas\u00e1ga 175\u2013195 cm, sz\u00e9less\u00e9ge 50\u201370 cm k\u00f6z\u00f6tti.<\/p>\n<p>Sz\u00edn: Kiz\u00e1r\u00f3lag feh\u00e9r \u2013 enyh\u00e9n \u00e1tl\u00e1tsz\u00f3.<\/p>\n<p>Egyszer haszn\u00e1latos huzatnak k\u00e9sz\u00fclt, maximum 2-3 alkalommal moshat\u00f3.<\/p>\n<p>&nbsp;<\/p>\n","protected":false},"excerpt":{"rendered":"<ul>\n<li aria-level=\"1\">Nyolc darabos csomag<\/li>\n<li aria-level=\"1\">A massz\u00e1zs\u00e1gyak \u00e9s massz\u00e1zs\u00e1gyhuzatok v\u00e9delm\u00e9\u00e9rt<\/li>\n<li aria-level=\"1\">Polipropil\u00e9nb\u0151l, a huzatba varrt gumiszalaggal<\/li>\n<li aria-level=\"1\">175\u2013195 cm hossz\u00fa \u00e9s 50\u201370 cm sz\u00e9les massz\u00e1zs\u00e1gyakhoz<\/li>\n<li aria-level=\"1\">Kiz\u00e1r\u00f3lag feh\u00e9r sz\u00ednben \u2013 enyh\u00e9n \u00e1tl\u00e1tsz\u00f3<\/li>\n<\/ul>\n","protected":false},"featured_media":4495,"comment_status":"open","ping_status":"closed","template":"","meta":{"rank_math_lock_modified_date":false},"product_cat":[30],"product_tag":[],"class_list":{"0":"post-4494","1":"product","2":"type-product","3":"status-publish","4":"has-post-thumbnail","6":"product_cat-egyszer-hasznalatos-huzatok","8":"first","9":"instock","10":"taxable","11":"shipping-taxable","12":"purchasable","13":"product-type-simple"},"_links":{"self":[{"href":"https:\/\/bestforbeauty.de\/hun\/wp-json\/wp\/v2\/product\/4494"}],"collection":[{"href":"https:\/\/bestforbeauty.de\/hun\/wp-json\/wp\/v2\/product"}],"about":[{"href":"https:\/\/bestforbeauty.de\/hun\/wp-json\/wp\/v2\/types\/product"}],"replies":[{"embeddable":true,"href":"https:\/\/bestforbeauty.de\/hun\/wp-json\/wp\/v2\/comments?post=4494"}],"wp:featuredmedia":[{"embeddable":true,"href":"https:\/\/bestforbeauty.de\/hun\/wp-json\/wp\/v2\/media\/4495"}],"wp:attachment":[{"href":"https:\/\/bestforbeauty.de\/hun\/wp-json\/wp\/v2\/media?parent=4494"}],"wp:term":[{"taxonomy":"product_cat","embeddable":true,"href":"https:\/\/bestforbeauty.de\/hun\/wp-json\/wp\/v2\/product_cat?post=4494"},{"taxonomy":"product_tag","embeddable":true,"href":"https:\/\/bestforbeauty.de\/hun\/wp-json\/wp\/v2\/product_tag?post=4494"}],"curies":[{"name":"wp","href":"https:\/\/api.w.org\/{rel}","templated":true}]}}