{"id":4500,"date":"2023-03-07T16:12:55","date_gmt":"2023-03-07T16:12:55","guid":{"rendered":"https:\/\/bestforbeauty.de\/hu\/?post_type=product&#038;p=4500"},"modified":"2023-04-17T13:48:33","modified_gmt":"2023-04-17T13:48:33","slug":"eldobhato-huzat-karfakhoz-hetven-darabos-csomag","status":"publish","type":"product","link":"https:\/\/bestforbeauty.de\/hun\/produkt\/eldobhato-huzat-karfakhoz-hetven-darabos-csomag\/","title":{"rendered":"Eldobhat\u00f3 huzat karf\u00e1khoz (hetven darabos csomag)"},"content":{"rendered":"<p>Eldobhat\u00f3 huzat karf\u00e1khoz (hetven darabos csomag)<\/p>\n<p>A karf\u00e1k \u00e9s karfahuzatok v\u00e9delm\u00e9\u00e9rt<\/p>\n<p>Anyaga: nagyon v\u00e9kony, szinte \u00e1tl\u00e1tsz\u00f3, fonott, nem sz\u0151tt anyag polipropil\u00e9nb\u0151l, a huzatba varrt gumiszalaggal.<\/p>\n<p>Szabv\u00e1nyos m\u00e9ret\u0171 modell, a 40\u201370 cm hossz\u00fa \u00e9s 5\u201310 cm sz\u00e9les huzatok a karf\u00e1k szinte mindegyik\u00e9re illeszkednek.<\/p>\n<p>Sz\u00edn: Kiz\u00e1r\u00f3lag feh\u00e9r \u2013 enyh\u00e9n \u00e1tl\u00e1tsz\u00f3.<\/p>\n<p>Egyszer haszn\u00e1latos huzatnak k\u00e9sz\u00fclt, maximum 2-3 alkalommal moshat\u00f3.<\/p>\n","protected":false},"excerpt":{"rendered":"<ul>\n<li aria-level=\"1\">Hetven darabos csomag<\/li>\n<li aria-level=\"1\">A karf\u00e1k \u00e9s karfahuzatok v\u00e9delm\u00e9\u00e9rt<\/li>\n<li aria-level=\"1\">Polipropil\u00e9nb\u0151l, a huzatba varrt gumiszalaggal<\/li>\n<li aria-level=\"1\">40\u201370 cm hossz\u00fa \u00e9s 5\u201310 cm sz\u00e9les karf\u00e1khoz<\/li>\n<li aria-level=\"1\">Kiz\u00e1r\u00f3lag feh\u00e9r sz\u00ednben \u2013 enyh\u00e9n \u00e1tl\u00e1tsz\u00f3<\/li>\n<\/ul>\n","protected":false},"featured_media":4499,"comment_status":"open","ping_status":"closed","template":"","meta":{"rank_math_lock_modified_date":false},"product_cat":[30],"product_tag":[],"class_list":{"0":"post-4500","1":"product","2":"type-product","3":"status-publish","4":"has-post-thumbnail","6":"product_cat-egyszer-hasznalatos-huzatok","8":"first","9":"instock","10":"taxable","11":"shipping-taxable","12":"purchasable","13":"product-type-simple"},"_links":{"self":[{"href":"https:\/\/bestforbeauty.de\/hun\/wp-json\/wp\/v2\/product\/4500"}],"collection":[{"href":"https:\/\/bestforbeauty.de\/hun\/wp-json\/wp\/v2\/product"}],"about":[{"href":"https:\/\/bestforbeauty.de\/hun\/wp-json\/wp\/v2\/types\/product"}],"replies":[{"embeddable":true,"href":"https:\/\/bestforbeauty.de\/hun\/wp-json\/wp\/v2\/comments?post=4500"}],"wp:featuredmedia":[{"embeddable":true,"href":"https:\/\/bestforbeauty.de\/hun\/wp-json\/wp\/v2\/media\/4499"}],"wp:attachment":[{"href":"https:\/\/bestforbeauty.de\/hun\/wp-json\/wp\/v2\/media?parent=4500"}],"wp:term":[{"taxonomy":"product_cat","embeddable":true,"href":"https:\/\/bestforbeauty.de\/hun\/wp-json\/wp\/v2\/product_cat?post=4500"},{"taxonomy":"product_tag","embeddable":true,"href":"https:\/\/bestforbeauty.de\/hun\/wp-json\/wp\/v2\/product_tag?post=4500"}],"curies":[{"name":"wp","href":"https:\/\/api.w.org\/{rel}","templated":true}]}}