{"id":4504,"date":"2023-03-07T16:15:44","date_gmt":"2023-03-07T16:15:44","guid":{"rendered":"https:\/\/bestforbeauty.de\/hu\/?post_type=product&#038;p=4504"},"modified":"2023-04-17T13:53:59","modified_gmt":"2023-04-17T13:53:59","slug":"eldobhato-ulokehuzat-negyvennyolc-darabos-csomag","status":"publish","type":"product","link":"https:\/\/bestforbeauty.de\/hun\/produkt\/eldobhato-ulokehuzat-negyvennyolc-darabos-csomag\/","title":{"rendered":"Eldobhat\u00f3 \u00fcl\u0151kehuzat (negyvennyolc darabos csomag)"},"content":{"rendered":"<p>Eldobhat\u00f3 \u00fcl\u0151kehuzat (negyvennyolc darabos csomag)<\/p>\n<p>Az \u00fcl\u0151k\u00e9k \u00e9s \u00fcl\u0151kehuzatok v\u00e9delm\u00e9\u00e9rt<\/p>\n<p>Anyaga: nagyon v\u00e9kony, szinte \u00e1tl\u00e1tsz\u00f3, fonott, nem sz\u0151tt anyag polipropil\u00e9nb\u0151l, a huzatba varrt gumiszalaggal.<\/p>\n<p>Szabv\u00e1nyos m\u00e9ret\u0171 modell, az \u00f6sszes kis m\u00e9ret\u0171 \u00fcl\u0151k\u00e9re \u00e9s k\u00f6zepes m\u00e9ret\u0171 h\u00e1tt\u00e1ml\u00e1ra j\u00f3l illeszkedik. Ide\u00e1lis tov\u00e1bb\u00e1 kis m\u00e9ret\u0171 nyeregsz\u00e9kekhez, pihen\u0151\u00e1gyak kis m\u00e9ret\u0171 fej- \u00e9s l\u00e1br\u00e9sz\u00e9nek bor\u00edt\u00e1s\u00e1hoz, valamint nagy m\u00e9ret\u0171 (28\u201342 cm \u00e1tm\u00e9r\u0151j\u0171) p\u00e1rn\u00e1zott talpp\u00e1rn\u00e1khoz.<\/p>\n<p>Sz\u00edn: Kiz\u00e1r\u00f3lag feh\u00e9r \u2013 enyh\u00e9n \u00e1tl\u00e1tsz\u00f3.<\/p>\n<p>Egyszer haszn\u00e1latos huzatnak k\u00e9sz\u00fclt, maximum 2-3 alkalommal moshat\u00f3.<\/p>\n","protected":false},"excerpt":{"rendered":"<ul>\n<li aria-level=\"1\">Negyvennyolc darabos csomag<\/li>\n<li aria-level=\"1\">Az \u00fcl\u0151k\u00e9k \u00e9s \u00fcl\u0151kehuzatok v\u00e9delm\u00e9\u00e9rt<\/li>\n<li aria-level=\"1\">Polipropil\u00e9nb\u0151l, a huzatba varrt gumiszalaggal<\/li>\n<li aria-level=\"1\">Az \u00f6sszes 28\u201342 cm \u00e1tm\u00e9r\u0151j\u0171 \u00fcl\u0151k\u00e9re illeszkedik<\/li>\n<li aria-level=\"1\">Kiz\u00e1r\u00f3lag feh\u00e9r sz\u00ednben \u2013 enyh\u00e9n \u00e1tl\u00e1tsz\u00f3<\/li>\n<\/ul>\n","protected":false},"featured_media":4502,"comment_status":"open","ping_status":"closed","template":"","meta":{"rank_math_lock_modified_date":false},"product_cat":[30],"product_tag":[],"class_list":{"0":"post-4504","1":"product","2":"type-product","3":"status-publish","4":"has-post-thumbnail","6":"product_cat-egyszer-hasznalatos-huzatok","8":"first","9":"instock","10":"taxable","11":"shipping-taxable","12":"purchasable","13":"product-type-simple"},"_links":{"self":[{"href":"https:\/\/bestforbeauty.de\/hun\/wp-json\/wp\/v2\/product\/4504"}],"collection":[{"href":"https:\/\/bestforbeauty.de\/hun\/wp-json\/wp\/v2\/product"}],"about":[{"href":"https:\/\/bestforbeauty.de\/hun\/wp-json\/wp\/v2\/types\/product"}],"replies":[{"embeddable":true,"href":"https:\/\/bestforbeauty.de\/hun\/wp-json\/wp\/v2\/comments?post=4504"}],"wp:featuredmedia":[{"embeddable":true,"href":"https:\/\/bestforbeauty.de\/hun\/wp-json\/wp\/v2\/media\/4502"}],"wp:attachment":[{"href":"https:\/\/bestforbeauty.de\/hun\/wp-json\/wp\/v2\/media?parent=4504"}],"wp:term":[{"taxonomy":"product_cat","embeddable":true,"href":"https:\/\/bestforbeauty.de\/hun\/wp-json\/wp\/v2\/product_cat?post=4504"},{"taxonomy":"product_tag","embeddable":true,"href":"https:\/\/bestforbeauty.de\/hun\/wp-json\/wp\/v2\/product_tag?post=4504"}],"curies":[{"name":"wp","href":"https:\/\/api.w.org\/{rel}","templated":true}]}}