{"id":4511,"date":"2023-03-07T16:25:57","date_gmt":"2023-03-07T16:25:57","guid":{"rendered":"https:\/\/bestforbeauty.de\/hu\/?post_type=product&#038;p=4511"},"modified":"2023-04-16T05:43:17","modified_gmt":"2023-04-16T05:43:17","slug":"csipeszes-huzatfeszito-negy-darabos-csomag","status":"publish","type":"product","link":"https:\/\/bestforbeauty.de\/hun\/produkt\/csipeszes-huzatfeszito-negy-darabos-csomag\/","title":{"rendered":"Csipeszes huzatfesz\u00edt\u0151 (n\u00e9gy darabos csomag)"},"content":{"rendered":"<p>Csipeszes huzatfesz\u00edt\u0151 (n\u00e9gy darabos csomag)<\/p>\n<p>A huzatok megfesz\u00edt\u00e9s\u00e9re szolg\u00e1l.<\/p>\n<p>R\u00f6gz\u00edti a huzatot, hogy az ne cs\u00fasszon el, t\u00f6k\u00e9letes illeszked\u00e9st biztos\u00edtva.<\/p>\n<p>80 g\/csomag<\/p>\n","protected":false},"excerpt":{"rendered":"<ul>\n<li aria-level=\"1\">N\u00e9gy darabos csomag<\/li>\n<li aria-level=\"1\">A huzatok megfesz\u00edt\u00e9s\u00e9re szolg\u00e1l<\/li>\n<li aria-level=\"1\">T\u00f6k\u00e9letes illeszked\u00e9st biztos\u00edt<\/li>\n<\/ul>\n","protected":false},"featured_media":4592,"comment_status":"open","ping_status":"closed","template":"","meta":{"rank_math_lock_modified_date":false},"product_cat":[19],"product_tag":[],"class_list":{"0":"post-4511","1":"product","2":"type-product","3":"status-publish","4":"has-post-thumbnail","6":"product_cat-kiegeszitok","8":"first","9":"instock","10":"taxable","11":"shipping-taxable","12":"purchasable","13":"product-type-simple"},"_links":{"self":[{"href":"https:\/\/bestforbeauty.de\/hun\/wp-json\/wp\/v2\/product\/4511"}],"collection":[{"href":"https:\/\/bestforbeauty.de\/hun\/wp-json\/wp\/v2\/product"}],"about":[{"href":"https:\/\/bestforbeauty.de\/hun\/wp-json\/wp\/v2\/types\/product"}],"replies":[{"embeddable":true,"href":"https:\/\/bestforbeauty.de\/hun\/wp-json\/wp\/v2\/comments?post=4511"}],"wp:featuredmedia":[{"embeddable":true,"href":"https:\/\/bestforbeauty.de\/hun\/wp-json\/wp\/v2\/media\/4592"}],"wp:attachment":[{"href":"https:\/\/bestforbeauty.de\/hun\/wp-json\/wp\/v2\/media?parent=4511"}],"wp:term":[{"taxonomy":"product_cat","embeddable":true,"href":"https:\/\/bestforbeauty.de\/hun\/wp-json\/wp\/v2\/product_cat?post=4511"},{"taxonomy":"product_tag","embeddable":true,"href":"https:\/\/bestforbeauty.de\/hun\/wp-json\/wp\/v2\/product_tag?post=4511"}],"curies":[{"name":"wp","href":"https:\/\/api.w.org\/{rel}","templated":true}]}}