{"id":4513,"date":"2023-03-07T16:27:59","date_gmt":"2023-03-07T16:27:59","guid":{"rendered":"https:\/\/bestforbeauty.de\/hu\/?post_type=product&#038;p=4513"},"modified":"2023-04-17T13:37:26","modified_gmt":"2023-04-17T13:37:26","slug":"konnycsepp-alaku-nyakparna","status":"publish","type":"product","link":"https:\/\/bestforbeauty.de\/hun\/produkt\/konnycsepp-alaku-nyakparna\/","title":{"rendered":"K\u00f6nnycsepp alak\u00fa nyakp\u00e1rna"},"content":{"rendered":"<p>K\u00f6nnycsepp alak\u00fa nyakp\u00e1rna egysz\u00edn\u0171, feh\u00e9r, tiszt\u00edthat\u00f3 m\u0171b\u0151rb\u0151l. M\u00e9rete: 5,5 \u00d7 27 cm<\/p>\n<p>Nyakp\u00e1rna, \u00e1tm\u00e9r\u0151je kb. 5,5 cm. A term\u00e9k k\u00f6nnycsepp alakj\u00e1nak kifejleszt\u00e9se ortop\u00e9diai szempontok figyelembe v\u00e9tel\u00e9vel t\u00f6rt\u00e9nt, ez\u00e9rt ide\u00e1lis v\u00e1laszt\u00e1s m\u0171k\u00f6r\u00f6m\u00e9p\u00edt\u00e9s sor\u00e1n a csukl\u00f3 al\u00e1t\u00e1maszt\u00e1s\u00e1hoz, vagy kozmetikai beavatkoz\u00e1sok sor\u00e1n nyakp\u00e1rnak\u00e9nt, ha a p\u00e1ciens fekv\u0151 helyzetben van.<\/p>\n<p>Puha k\u00e9nyelmes \u00e9s strapab\u00edr\u00f3 m\u0171b\u0151rhuzattal ell\u00e1tva, amely k\u00f6nnyed\u00e9n elt\u00e1vol\u00edthat\u00f3, k\u00fcl\u00f6n moshat\u00f3, illetve cser\u00e9lhet\u0151.<\/p>\n<p>Az ehhez a p\u00e1rn\u00e1hoz kaphat\u00f3 frott\u00edr vagy vel\u00far huzatunk tov\u00e1bbi v\u00e9delmet biztos\u00edt.<\/p>\n<p>180 g\/darab<\/p>\n<p>&nbsp;<\/p>\n","protected":false},"excerpt":{"rendered":"<ul>\n<li aria-level=\"1\">A nyaki gerinc al\u00e1t\u00e1maszt\u00e1s\u00e1ra<\/li>\n<li aria-level=\"1\">Egysz\u00edn\u0171, tiszt\u00edthat\u00f3 feh\u00e9r m\u0171b\u0151rb\u0151l<\/li>\n<li aria-level=\"1\">K\u00f6nnycsepp alak\u00fa, m\u00e9rete: 5,5 cm \u00d7 27 cm<\/li>\n<\/ul>\n","protected":false},"featured_media":4514,"comment_status":"open","ping_status":"closed","template":"","meta":{"rank_math_lock_modified_date":false},"product_cat":[29],"product_tag":[],"class_list":{"0":"post-4513","1":"product","2":"type-product","3":"status-publish","4":"has-post-thumbnail","6":"product_cat-alatamaszto-parnak","8":"first","9":"instock","10":"taxable","11":"shipping-taxable","12":"purchasable","13":"product-type-simple"},"_links":{"self":[{"href":"https:\/\/bestforbeauty.de\/hun\/wp-json\/wp\/v2\/product\/4513"}],"collection":[{"href":"https:\/\/bestforbeauty.de\/hun\/wp-json\/wp\/v2\/product"}],"about":[{"href":"https:\/\/bestforbeauty.de\/hun\/wp-json\/wp\/v2\/types\/product"}],"replies":[{"embeddable":true,"href":"https:\/\/bestforbeauty.de\/hun\/wp-json\/wp\/v2\/comments?post=4513"}],"wp:featuredmedia":[{"embeddable":true,"href":"https:\/\/bestforbeauty.de\/hun\/wp-json\/wp\/v2\/media\/4514"}],"wp:attachment":[{"href":"https:\/\/bestforbeauty.de\/hun\/wp-json\/wp\/v2\/media?parent=4513"}],"wp:term":[{"taxonomy":"product_cat","embeddable":true,"href":"https:\/\/bestforbeauty.de\/hun\/wp-json\/wp\/v2\/product_cat?post=4513"},{"taxonomy":"product_tag","embeddable":true,"href":"https:\/\/bestforbeauty.de\/hun\/wp-json\/wp\/v2\/product_tag?post=4513"}],"curies":[{"name":"wp","href":"https:\/\/api.w.org\/{rel}","templated":true}]}}