{"id":4520,"date":"2023-03-07T16:33:30","date_gmt":"2023-03-07T16:33:30","guid":{"rendered":"https:\/\/bestforbeauty.de\/hu\/?post_type=product&#038;p=4520"},"modified":"2023-04-17T13:35:00","modified_gmt":"2023-04-17T13:35:00","slug":"hengeres-terdtamaszto-parna-maxi-2","status":"publish","type":"product","link":"https:\/\/bestforbeauty.de\/hun\/produkt\/hengeres-terdtamaszto-parna-maxi-2\/","title":{"rendered":"Hengeres t\u00e9rdt\u00e1maszt\u00f3 p\u00e1rna \u201eMaxi\u201d"},"content":{"rendered":"<p>F\u00e9lhenger alak\u00fa hossz\u00fa t\u00e9rdt\u00e1maszt\u00f3 p\u00e1rna \u201eMaxi\u201d \u2013<\/p>\n<p>egysz\u00edn\u0171, feh\u00e9r, tiszt\u00edthat\u00f3 m\u0171b\u0151rb\u0151l. M\u00e9rete: \u00d8 7,5 cm \u00d7 72 cm<\/p>\n<p>F\u00e9lhenger alak\u00fa t\u00e9rdt\u00e1maszt\u00f3 p\u00e1rna, magass\u00e1ga kb. 7,5 cm, puha k\u00e9nyelmes \u00e9s strapab\u00edr\u00f3 m\u0171b\u0151rhuzattal ell\u00e1tva, amely k\u00f6nnyed\u00e9n elt\u00e1vol\u00edthat\u00f3, k\u00fcl\u00f6n tiszt\u00edthat\u00f3, illetve cser\u00e9lhet\u0151.<\/p>\n<p>Az ehhez a p\u00e1rn\u00e1hoz kaphat\u00f3 frott\u00edr vagy vel\u00far huzatunk tov\u00e1bbi v\u00e9delmet biztos\u00edt.<\/p>\n<p>250 g\/darab<\/p>\n","protected":false},"excerpt":{"rendered":"<ul>\n<li aria-level=\"1\">A t\u00e9rd al\u00e1t\u00e1maszt\u00e1s\u00e1ra<\/li>\n<li aria-level=\"1\">Egysz\u00edn\u0171, tiszt\u00edthat\u00f3 feh\u00e9r m\u0171b\u0151rb\u0151l<\/li>\n<li aria-level=\"1\">F\u00e9lhenger alak\u00fa, m\u00e9rete: \u00d8 7,5 cm \u00d7 72 cm<\/li>\n<\/ul>\n","protected":false},"featured_media":4521,"comment_status":"open","ping_status":"closed","template":"","meta":{"rank_math_lock_modified_date":false},"product_cat":[29],"product_tag":[],"class_list":{"0":"post-4520","1":"product","2":"type-product","3":"status-publish","4":"has-post-thumbnail","6":"product_cat-alatamaszto-parnak","8":"first","9":"instock","10":"taxable","11":"shipping-taxable","12":"purchasable","13":"product-type-simple"},"_links":{"self":[{"href":"https:\/\/bestforbeauty.de\/hun\/wp-json\/wp\/v2\/product\/4520"}],"collection":[{"href":"https:\/\/bestforbeauty.de\/hun\/wp-json\/wp\/v2\/product"}],"about":[{"href":"https:\/\/bestforbeauty.de\/hun\/wp-json\/wp\/v2\/types\/product"}],"replies":[{"embeddable":true,"href":"https:\/\/bestforbeauty.de\/hun\/wp-json\/wp\/v2\/comments?post=4520"}],"wp:featuredmedia":[{"embeddable":true,"href":"https:\/\/bestforbeauty.de\/hun\/wp-json\/wp\/v2\/media\/4521"}],"wp:attachment":[{"href":"https:\/\/bestforbeauty.de\/hun\/wp-json\/wp\/v2\/media?parent=4520"}],"wp:term":[{"taxonomy":"product_cat","embeddable":true,"href":"https:\/\/bestforbeauty.de\/hun\/wp-json\/wp\/v2\/product_cat?post=4520"},{"taxonomy":"product_tag","embeddable":true,"href":"https:\/\/bestforbeauty.de\/hun\/wp-json\/wp\/v2\/product_tag?post=4520"}],"curies":[{"name":"wp","href":"https:\/\/api.w.org\/{rel}","templated":true}]}}